{"id":3953,"date":"2023-01-18T12:32:28","date_gmt":"2023-01-18T11:32:28","guid":{"rendered":"https:\/\/lfchannel.com\/aviso-legal"},"modified":"2024-03-04T09:55:08","modified_gmt":"2024-03-04T08:55:08","slug":"mentions-legales","status":"publish","type":"page","link":"https:\/\/lfchannel.com\/fr\/mentions-legales\/","title":{"rendered":"Mentions l\u00e9gales"},"content":{"rendered":"<h3><b>Mentions l\u00e9gales et conditions d&rsquo;utilisation<\/b><\/h3>\n<p>Dans cet espace, l&rsquo;UTILISATEUR pourra trouver toutes les informations relatives aux mentions et conditions l\u00e9gales qui d\u00e9finissent la relation entre les utilisateurs et nous, responsables de ce site web. En tant qu&rsquo;utilisateur, il est important que vous preniez connaissance de ces conditions avant de poursuivre votre navigation. LF Channel S.L., en tant que responsable de ce site web, s&rsquo;engage \u00e0 traiter les informations des utilisateurs et des clients avec toutes les garanties et exigences nationales et europ\u00e9ennes qui r\u00e9glementent la collecte et l&rsquo;utilisation des donn\u00e9es personnelles de nos utilisateurs. Ce site est donc strictement conforme au RGPD (R\u00e8glement (UE) 2016\/679 sur la protection des donn\u00e9es) et \u00e0 la LSSI-CE 34\/2002 (Loi de Services de la Soci\u00e9t\u00e9 de l&rsquo;Information et le Commerce \u00c9lectronique), du 11 juillet 2002.<\/p>\n<p><b>CONDITIONS G\u00c9N\u00c9RALES D&rsquo;UTILISATION<\/b><\/p>\n<p>Les pr\u00e9sentes conditions g\u00e9n\u00e9rales r\u00e9gissent l&rsquo;utilisation (y compris le simple acc\u00e8s) des pages web du site <a href=\"http:\/\/www.lfchannel.com\/\">www.lfchannel.com<\/a>, y compris les contenus et les services qui y sont propos\u00e9s. Toute personne acc\u00e9dant au site web <a href=\"http:\/\/www.lfchannel.com\/\">www.lfchannel.com<\/a> (ci-apr\u00e8s \u00abl&rsquo;utilisateur\u00bb) accepte de se soumettre aux Conditions G\u00e9n\u00e9rales en vigueur \u00e0 tout moment sur le portail <a href=\"http:\/\/www.lfchannel.com\/\">www.lfchannel.com.<\/a><\/p>\n<p><b>DONN\u00c9ES PERSONNELLES QUE NOUS COLLECTONS ET COMMENT NOUS LES COLLECTONS<\/b><\/p>\n<p>Lire la Politique de Confidentialit\u00e9<\/p>\n<p>ENGAGEMENTS ET OBLIGATIONS DES UTILISATEURS<\/p>\n<p>L&rsquo;utilisateur est inform\u00e9 et accepte que l&rsquo;acc\u00e8s \u00e0 ce site web n&rsquo;implique en aucun cas le d\u00e9but d&rsquo;une relation commerciale avec <a href=\"http:\/\/www.lfchannel.com\/\">www.lfchannel.com<\/a>. Ainsi, l&rsquo;utilisateur s&rsquo;engage \u00e0 utiliser le site web, ses services et ses contenus sans contrevenir \u00e0 la l\u00e9gislation en vigueur, \u00e0 la bonne foi et \u00e0 l&rsquo;ordre public.<\/p>\n<p>Il est interdit d&rsquo;utiliser le site web \u00e0 des fins illicites ou pr\u00e9judiciables, ou d&rsquo;une mani\u00e8re susceptible de causer des dommages ou d&rsquo;entraver le fonctionnement normal du site web. En ce qui concerne les contenus de ce site Web, il est interdit de: les reproduire, les distribuer ou les modifier (l&rsquo;enti\u00e8ret\u00e9 du site ou certaines parties), sans l&rsquo;autorisation de leurs propri\u00e9taires l\u00e9gitimes; commettre toute violation des droits du fournisseur ou des propri\u00e9taires l\u00e9gitimes; les utiliser \u00e0 des fins commerciales ou publicitaires.<\/p>\n<p>Dans le cadre de l&rsquo;utilisation du site <a href=\"http:\/\/www.lfchannel.com\/\">www.lfchannel.com,<\/a> l&rsquo;utilisateur s&rsquo;engage \u00e0 ne pas adopter de comportement susceptible de porter atteinte \u00e0 l&rsquo;image, aux int\u00e9r\u00eats ou aux droits de <a href=\"http:\/\/www.lfchannel.com\/\">www.lfchannel.com<\/a> ou de tiers, ou susceptible de porter atteinte, de rendre inutilisable ou d&#8217;emp\u00eacher l&rsquo;utilisation du site ou de surcharger le portail (http:\/\/www.lfchannel.com\/) ou d&#8217;emp\u00eacher, de quelque mani\u00e8re que ce soit, l&rsquo;utilisation normale du site. N\u00e9anmoins, l&rsquo;utilisateur doit \u00eatre conscient que les mesures de s\u00e9curit\u00e9 des syst\u00e8mes informatiques sur Internet ne sont pas enti\u00e8rement fiables et que, par cons\u00e9quent, <a href=\"http:\/\/www.lfchannel.com\/\">www.lfchannel.com<\/a> ne peut garantir l&rsquo;absence de virus ou d&rsquo;autres \u00e9l\u00e9ments susceptibles de provoquer des alt\u00e9rations dans les syst\u00e8mes informatiques (logiciels et mat\u00e9riels) de l&rsquo;utilisateur ou dans les documents \u00e9lectroniques et les fichiers qu&rsquo;ils contiennent.<\/p>\n<p><b>MESURES DE S\u00c9CURIT\u00c9<\/b><\/p>\n<p>Les donn\u00e9es personnelles communiqu\u00e9es par l&rsquo;utilisateur \u00e0 <a href=\"http:\/\/www.lfchannel.com\/\">www.lfchannel.com<\/a> peuvent \u00eatre stock\u00e9es dans des bases de donn\u00e9es automatis\u00e9es ou non, dont la propri\u00e9t\u00e9 revient exclusivement \u00e0 <a href=\"http:\/\/www.lfchannel.com\/\">www.lfchannel.com,<\/a> qui assume toutes les mesures techniques, organisationnelles et de s\u00e9curit\u00e9 garantissant la confidentialit\u00e9, l&rsquo;int\u00e9grit\u00e9 et la qualit\u00e9 des informations qui y sont contenues, conform\u00e9ment aux dispositions de la l\u00e9gislation en vigueur en mati\u00e8re de protection des donn\u00e9es.<\/p>\n<p>La communication entre les utilisateurs et <a href=\"http:\/\/www.lfchannel.com\/\">www.lfchannel.com<\/a> se fait via un canal s\u00e9curis\u00e9, et les donn\u00e9es transmises sont chiffr\u00e9es gr\u00e2ce aux protocoles \u00abhttps\u00bb. Nous garantissons donc les meilleures conditions de s\u00e9curit\u00e9 afin d&rsquo;assurer la confidentialit\u00e9 des utilisateurs.<\/p>\n<p><b>R\u00c9CLAMATIONS<\/b><\/p>\n<p><a href=\"http:\/\/www.lfchannel.com\/\">www.lfchannel.com<\/a> informe que des formulaires de r\u00e9clamation sont disponibles pour les utilisateurs et les clients. L&rsquo;utilisateur peut introduire une r\u00e9clamation en demandant un formulaire de r\u00e9clamation ou en envoyant un courrier \u00e9lectronique \u00e0 <a href=\"mailto:dop@lfchannel.com\">dop@lfchannel.com<\/a> en indiquant son nom et son pr\u00e9nom, le service et\/ou le produit souscrit et\/ou achet\u00e9 et en pr\u00e9cisant les raisons de sa r\u00e9clamation.<\/p>\n<p>L&rsquo;utilisateur\/acheteur peut nous notifier la plainte, soit par courrier \u00e9lectronique \u00e0 l&rsquo;adresse suivante: <a href=\"mailto:dop@lfchannel.com\">dop@lfchannel.com,<\/a> soit en joignant le formulaire de plainte suivant: Le service\/produit: Acquis le: Nom d&rsquo;utilisateur: Adresse postale de l&rsquo;utilisateur: Signature de l&rsquo;utilisateur (uniquement en cas de soumission de formulaire sur papier): Date: Motif de la r\u00e9clamation:<\/p>\n<p><b>PLATEFORME DE R\u00c9SOLUTION DES CONFLITS<\/b><\/p>\n<p>Si vous souhaitez d\u00e9poser une r\u00e9clamation, vous pouvez \u00e9galement utiliser la plateforme de r\u00e9solution des litiges mise \u00e0 disposition par la Commission europ\u00e9enne, qui est disponible \u00e0 l&rsquo;adresse suivante: <a href=\"http:\/\/ec.europa.eu\/consumers\/odr\/\">http:\/\/ec.europa.eu\/consumers\/odr\/<\/a><\/p>\n<p><b>DROITS DE PROPRI\u00c9T\u00c9 INTELLECTUELLE ET INDUSTRIELLE<\/b><\/p>\n<p>En vertu des dispositions des articles 8 et 32.1, deuxi\u00e8me alin\u00e9a, de la loi sur la propri\u00e9t\u00e9 intellectuelle, la reproduction, la distribution et la communication publique, y compris la modalit\u00e9 de mise \u00e0 disposition, de tout ou partie du contenu de ce site web, \u00e0 des fins commerciales, sur tout support et par tout moyen technique, sans l&rsquo;autorisation de <a href=\"http:\/\/www.lfchannel.com\/\">www.lfchannel.com,<\/a> sont express\u00e9ment interdites. L&rsquo;utilisateur s&rsquo;engage \u00e0 respecter les droits de propri\u00e9t\u00e9 intellectuelle et industrielle d\u00e9tenus par <a href=\"http:\/\/www.lfchannel.com\/\">www.lfchannel.com<\/a>.<\/p>\n<p>L&rsquo;utilisateur reconna\u00eet et accepte que l&rsquo;ensemble du site Web, y compris, mais sans s&rsquo;y limiter, les textes, les logiciels, le contenu (y compris la structure, la s\u00e9lection, l&rsquo;arrangement et la pr\u00e9sentation de celui-ci), les podcasts, les photographies, le mat\u00e9riel audiovisuel et les graphiques, est prot\u00e9g\u00e9 par des marques, des droits d&rsquo;auteur et d&rsquo;autres droits l\u00e9gitimes, conform\u00e9ment aux trait\u00e9s internationaux auxquels l&rsquo;Espagne fait partie et \u00e0 d&rsquo;autres droits de propri\u00e9t\u00e9 et lois espagnoles. Si un utilisateur ou un tiers consid\u00e8re qu&rsquo;il y a eu violation de ses droits l\u00e9gitimes de propri\u00e9t\u00e9 intellectuelle en raison de l&rsquo;introduction de certains contenus sur le site web, il doit le notifier \u00e0 <a href=\"http:\/\/www.lfchannel.com\/\">www.lfchannel.com<\/a> en indiquant:<\/p>\n<ul>\n<li aria-level=\"1\">Les donn\u00e9es personnelles de la personne dont les droits ont \u00e9t\u00e9 pr\u00e9tendument viol\u00e9s (ou, dans le cas o\u00f9 la plainte est d\u00e9pos\u00e9e par un tiers autre que la personne concern\u00e9e, les donn\u00e9es de l&rsquo;entit\u00e9 de repr\u00e9sentation en vertu de laquelle ladite personne agit);<\/li>\n<li aria-level=\"1\">les contenus prot\u00e9g\u00e9s par des droits de propri\u00e9t\u00e9 intellectuelle et leur emplacement sur le site web; l&rsquo;accr\u00e9ditation des droits de propri\u00e9t\u00e9 intellectuelle indiqu\u00e9s; et une d\u00e9claration expresse par laquelle l&rsquo;int\u00e9ress\u00e9 accepte la responsabilit\u00e9 de la v\u00e9racit\u00e9 des informations fournies dans la notification<\/li>\n<\/ul>\n<p><b>LIENS EXTERNES<\/b><\/p>\n<p>Les pages du site <a href=\"http:\/\/www.lfchannel.com\/\">www.lfchannel.com<\/a> peuvent contenir des liens vers d&rsquo;autres sites et contenus appartenant \u00e0 des tiers. Le seul but des liens est de fournir \u00e0 l&rsquo;utilisateur la possibilit\u00e9 d&rsquo;acc\u00e9der \u00e0 ces liens. www.lfchannel.com n&rsquo;est en aucun cas responsable des r\u00e9sultats que l&rsquo;utilisateur peut obtenir en acc\u00e9dant \u00e0 ces liens.<\/p>\n<p>De m\u00eame, l&rsquo;utilisateur trouvera sur le site: des pages, des publicit\u00e9s ou promotions et des programmes d&rsquo;affiliation. Ces publicit\u00e9s acc\u00e8dent aux habitudes de navigation des utilisateurs afin d&rsquo;\u00e9tablir des profils. Ces informations sont toujours anonymes et ne permettent pas d&rsquo;identifier l&rsquo;utilisateur.<\/p>\n<p>Les informations fournies sur ces sites sponsoris\u00e9s ou liens affili\u00e9s sont soumises aux politiques de confidentialit\u00e9 utilis\u00e9es sur ces sites et ne seront pas soumises \u00e0 la pr\u00e9sente politique de confidentialit\u00e9. Nous encourageons donc vivement les utilisateurs \u00e0 examiner attentivement les politiques de confidentialit\u00e9 des liens affili\u00e9s.<\/p>\n<p>Les utilisateurs qui ont l&rsquo;intention d&rsquo;\u00e9tablir un lien technique depuis leur site web vers le portail <a href=\"http:\/\/www.lfchannel.com\/\">www.lfchannel.com<\/a> doivent obtenir l&rsquo;autorisation \u00e9crite pr\u00e9alable de <a href=\"http:\/\/www.lfchannel.com\/\">www.lfchannel.com<\/a>. L&rsquo;\u00e9tablissement du lien n&rsquo;implique en aucun cas l&rsquo;existence d&rsquo;une relation entre <a href=\"http:\/\/www.lfchannel.com\/\">www.lfchannel.com<\/a> et le propri\u00e9taire du site o\u00f9 le lien est \u00e9tabli, ni l&rsquo;acceptation, l&rsquo;approbation ou le consentement de la part de <a href=\"http:\/\/www.lfchannel.com\/\">www.lfchannel.com<\/a> de son contenu ou de ses services.<\/p>\n<p><b>POLITIQUE DE COMMENTAIRES<\/b><\/p>\n<p>Sur notre site web, les commentaires sont autoris\u00e9s pour enrichir le contenu et poser des questions. Les commentaires qui ne sont pas li\u00e9s au sujet de ce site web, qui comprennent de la diffamation, des insultes, des injures, des attaques personnelles ou un manque de respect en g\u00e9n\u00e9ral envers l&rsquo;auteur ou d&rsquo;autres membres ne seront pas accept\u00e9s, et donc supprim\u00e9s.<\/p>\n<p>Les commentaires contenant des informations manifestement trompeuses ou fausses, ainsi que les commentaires contenant des informations personnelles, telles que des adresses priv\u00e9es ou des num\u00e9ros de t\u00e9l\u00e9phone, qui enfreignent notre politique de protection des donn\u00e9es, seront \u00e9galement supprim\u00e9s.<\/p>\n<p>Les commentaires qui promeuvent un site web, une personne, un collectif, ainsi que tout ce qui pourrait \u00eatre consid\u00e9r\u00e9 comme du <i>spam<\/i> en g\u00e9n\u00e9ral, seront \u00e9galement supprim\u00e9s.<\/p>\n<p>Les commentaires anonymes, ainsi que les commentaires faits par la m\u00eame personne sous diff\u00e9rents pseudonymes, ne sont pas autoris\u00e9s. Les commentaires qui tentent d&rsquo;imposer un d\u00e9bat ou une position \u00e0 un autre utilisateur ne seront pas pris en consid\u00e9ration.<\/p>\n<p><b>EXCLUSION DES GARANTIES ET DE LA RESPONSABILIT\u00c9<\/b><\/p>\n<p>Le prestataire ne donne aucune garantie et ne sera en aucun cas responsable des dommages de toute nature qui pourraient \u00eatre caus\u00e9s par:<\/p>\n<ul>\n<li aria-level=\"1\">Le manque de disponibilit\u00e9, de maintenance et de fonctionnement efficace du site web, de ses services et de son contenu;<\/li>\n<li aria-level=\"1\">L&rsquo;existence de virus, de programmes malveillants ou nuisibles dans le contenu;<\/li>\n<li aria-level=\"1\">L&rsquo;utilisation ill\u00e9gale, n\u00e9gligente, frauduleuse ou contraire aux pr\u00e9sentes mentions l\u00e9gales;<\/li>\n<li aria-level=\"1\">Le manque de l\u00e9galit\u00e9, de qualit\u00e9, de fiabilit\u00e9, d&rsquo;utilit\u00e9 et de disponibilit\u00e9 des services fournis par des tiers et mis \u00e0 la disposition des utilisateurs sur le site web.<\/li>\n<li aria-level=\"1\">Le prestataire n&rsquo;accepte aucune responsabilit\u00e9 pour tout dommage r\u00e9sultant d&rsquo;une utilisation ill\u00e9gale ou inappropri\u00e9e de ce site web.<\/li>\n<\/ul>\n<p><b>DROIT APPLICABLE ET JURIDICTION<\/b><\/p>\n<p>De mani\u00e8re g\u00e9n\u00e9rale, les relations entre <a href=\"http:\/\/www.lfchannel.com\/\">www.lfchannel.com<\/a> et les utilisateurs de ses services t\u00e9l\u00e9matiques, pr\u00e9sents sur ce site web, sont soumises \u00e0 la l\u00e9gislation et \u00e0 la juridiction espagnoles et aux tribunaux.<\/p>\n","protected":false},"excerpt":{"rendered":"<p>Mentions l\u00e9gales et conditions d&rsquo;utilisation Dans cet espace, l&rsquo;UTILISATEUR pourra trouver toutes les informations relatives aux mentions et conditions l\u00e9gales qui d\u00e9finissent la relation entre les utilisateurs et nous, responsables de ce site web. En tant qu&rsquo;utilisateur, il est important que vous preniez connaissance de ces conditions avant de poursuivre votre navigation. LF Channel S.L., [&hellip;]<\/p>\n","protected":false},"author":10,"featured_media":0,"parent":0,"menu_order":0,"comment_status":"closed","ping_status":"closed","template":"","meta":{"_et_pb_use_builder":"","_et_pb_old_content":"","_et_gb_content_width":"","content-type":"","footnotes":""},"class_list":["post-3953","page","type-page","status-publish","hentry"],"aioseo_notices":[],"_links":{"self":[{"href":"https:\/\/lfchannel.com\/fr\/wp-json\/wp\/v2\/pages\/3953","targetHints":{"allow":["GET"]}}],"collection":[{"href":"https:\/\/lfchannel.com\/fr\/wp-json\/wp\/v2\/pages"}],"about":[{"href":"https:\/\/lfchannel.com\/fr\/wp-json\/wp\/v2\/types\/page"}],"author":[{"embeddable":true,"href":"https:\/\/lfchannel.com\/fr\/wp-json\/wp\/v2\/users\/10"}],"replies":[{"embeddable":true,"href":"https:\/\/lfchannel.com\/fr\/wp-json\/wp\/v2\/comments?post=3953"}],"version-history":[{"count":1,"href":"https:\/\/lfchannel.com\/fr\/wp-json\/wp\/v2\/pages\/3953\/revisions"}],"predecessor-version":[{"id":3954,"href":"https:\/\/lfchannel.com\/fr\/wp-json\/wp\/v2\/pages\/3953\/revisions\/3954"}],"wp:attachment":[{"href":"https:\/\/lfchannel.com\/fr\/wp-json\/wp\/v2\/media?parent=3953"}],"curies":[{"name":"wp","href":"https:\/\/api.w.org\/{rel}","templated":true}]}}