{"id":3945,"date":"2022-12-15T12:26:00","date_gmt":"2022-12-15T11:26:00","guid":{"rendered":"https:\/\/lfchannel.com\/politica-privacidad"},"modified":"2024-03-04T09:55:51","modified_gmt":"2024-03-04T08:55:51","slug":"politique-de-confidentialite","status":"publish","type":"page","link":"https:\/\/lfchannel.com\/fr\/politique-de-confidentialite\/","title":{"rendered":"Politique de confidentialit\u00e9"},"content":{"rendered":"<p>[et_pb_section fb_built=\u00a0\u00bb1&Prime; admin_label=\u00a0\u00bbsection\u00a0\u00bb _builder_version=\u00a0\u00bb4.16&Prime; global_colors_info=\u00a0\u00bb{}\u00a0\u00bb][et_pb_row admin_label=\u00a0\u00bbrow\u00a0\u00bb _builder_version=\u00a0\u00bb4.16&Prime; background_size=\u00a0\u00bbinitial\u00a0\u00bb background_position=\u00a0\u00bbtop_left\u00a0\u00bb background_repeat=\u00a0\u00bbrepeat\u00a0\u00bb global_colors_info=\u00a0\u00bb{}\u00a0\u00bb][et_pb_column type=\u00a0\u00bb4_4&Prime; _builder_version=\u00a0\u00bb4.16&Prime; custom_padding=\u00a0\u00bb|||\u00a0\u00bb global_colors_info=\u00a0\u00bb{}\u00a0\u00bb custom_padding__hover=\u00a0\u00bb|||\u00a0\u00bb][et_pb_text _builder_version=\u00a0\u00bb4.21.0&Prime; _module_preset=\u00a0\u00bbdefault\u00a0\u00bb text_line_height=\u00a0\u00bb1.8em\u00a0\u00bb header_line_height=\u00a0\u00bb1.7em\u00a0\u00bb header_3_line_height=\u00a0\u00bb1.8em\u00a0\u00bb global_colors_info=\u00a0\u00bb{}\u00a0\u00bb]<\/p>\n<h1><span>CONFIDENTIALIT\u00c9<\/span><\/h1>\n<h3><b>Responsable du traitement \u2013 Qui est le responsable du traitement des donn\u00e9es\u00a0?<\/b><\/h3>\n<p><span>Identit\u00e9\u00a0: LF CHANNEL S.L.<\/span><\/p>\n<p><span>Si\u00e8ge social\u00a0: C\/ Mallorca 221, 6-1 &#8211; 08008 Barcelone. CIF\u00a0: B61058921<\/span><\/p>\n<p><span>Num\u00e9ro de t\u00e9l\u00e9phone\u00a0: (+34) 934 188 151<\/span><\/p>\n<p><span>Adresse e-mail\u00a0: <\/span><a href=\"mailto:info@lfchannel.com\"><span>info@lfchannel.com<\/span><\/a><span> Contact\u00a0: L&rsquo;entreprise<\/span><\/p>\n<p><span>Nom de domaine\u00a0: https:\/\/lfchannel.com<\/span><\/p>\n<h3><b>Finalit\u00e9s \u2013 Quels sont les objectifs du traitement de vos donn\u00e9es\u00a0?<\/b><\/h3>\n<p><span>Conform\u00e9ment aux dispositions du R\u00e8glement g\u00e9n\u00e9ral europ\u00e9en sur la protection des donn\u00e9es 2016\/679, nous vous informons que nous traiterons les donn\u00e9es que vous nous fournissez pour\u00a0:<\/span><\/p>\n<ul>\n<li aria-level=\"1\"><span>Envoyer p\u00e9riodiquement des communications sur les services, les \u00e9v\u00e9nements et les nouvelles li\u00e9s aux activit\u00e9s men\u00e9es par LF CHANNEL S.L. par tout moyen (t\u00e9l\u00e9phone, courrier postal ou par message \u00e9lectronique), sauf indication contraire ou si l&rsquo;utilisateur s&rsquo;y oppose ou r\u00e9voque son consentement.<\/span><\/li>\n<li aria-level=\"1\"><span>Envoyer des informations commerciales et\/ou promotionnelles relatives au secteur des services contractuels et \u00e0 la valeur ajout\u00e9e pour les utilisateurs finaux, sauf indication contraire ou si l&rsquo;utilisateur s&rsquo;y oppose ou r\u00e9voque son consentement.<\/span><\/li>\n<li aria-level=\"1\"><span>Respecter les obligations l\u00e9gales, ainsi que pour v\u00e9rifier le bon respect des obligations contractuelles, y compris la pr\u00e9vention de la fraude.<\/span><\/li>\n<li aria-level=\"1\"><span>Transf\u00e9rer les donn\u00e9es aux autorit\u00e9s, \u00e0 partir du moment o\u00f9 elles sont requises conform\u00e9ment aux dispositions l\u00e9gales et r\u00e9glementaires.<\/span><\/li>\n<\/ul>\n<h3><b>Cat\u00e9gories de donn\u00e9es \u2013 Quelles sont les donn\u00e9es que nous allons traiter\u00a0?<\/b><\/h3>\n<p><span>Les donn\u00e9es trait\u00e9es desservent les objectifs susmentionn\u00e9s. LF CHANNEL S.L. g\u00e8re les cat\u00e9gories de donn\u00e9es suivantes\u00a0:<\/span><\/p>\n<ul>\n<li aria-level=\"1\"><span>Donn\u00e9es d&rsquo;identification<\/span><\/li>\n<li aria-level=\"1\"><span>M\u00e9tadonn\u00e9es des communications \u00e9lectroniques<\/span><\/li>\n<li aria-level=\"1\"><span>Donn\u00e9es d&rsquo;information commerciale. Dans le cas o\u00f9 l&rsquo;utilisateur fournirait des donn\u00e9es de tiers, il d\u00e9clare avoir leur consentement et s&rsquo;engage \u00e0 leur fournir l&rsquo;information contenue dans cette clause, exon\u00e9rant LF CHANNEL S.L. de toute responsabilit\u00e9 \u00e0 cet \u00e9gard.<\/span><\/li>\n<\/ul>\n<p><span>Cependant, LF CHANNEL S.L. peut effectuer des contr\u00f4les pour v\u00e9rifier ce fait, en adoptant les mesures de diligence raisonnable correspondantes, conform\u00e9ment \u00e0 la r\u00e9glementation sur la protection des donn\u00e9es.<\/span><\/p>\n<h3><b>L\u00e9gitimation \u2013 En quoi nous avons un droit l\u00e9gitime \u00e0 traiter vos donn\u00e9es\u00a0?<\/b><\/h3>\n<p><span>Le traitement des donn\u00e9es dans le but d&rsquo;envoyer des bulletins d&rsquo;information p\u00e9riodiques (newsletters) sur les services, les actualit\u00e9s et les \u00e9v\u00e9nements li\u00e9s \u00e0 notre activit\u00e9 professionnelle est bas\u00e9 sur le consentement de la personne concern\u00e9e, express\u00e9ment sollicit\u00e9 pour effectuer ce traitement, conform\u00e9ment \u00e0 la r\u00e9glementation en vigueur.<\/span><\/p>\n<p><span>En outre, la l\u00e9gitimit\u00e9 du traitement des donn\u00e9es relatives aux offres ou aux collaborations repose sur le consentement de l&rsquo;utilisateur qui soumet ses donn\u00e9es, consentement qu&rsquo;il peut retirer \u00e0 tout moment, bien que cela puisse affecter l&rsquo;\u00e9ventuelle fluidit\u00e9 de la communication et l&rsquo;obstruction des processus qu&rsquo;il souhaite mener \u00e0 bien.<\/span><\/p>\n<p><span>Enfin, les donn\u00e9es peuvent \u00eatre utilis\u00e9es pour respecter les obligations l\u00e9gales applicables \u00e0 LF CHANNEL S.L.<\/span><\/p>\n<h3><b>P\u00e9riode de conservation des donn\u00e9es \u2013 Combien de temps conserverons-nous vos donn\u00e9es\u00a0?<\/b><\/h3>\n<p><span>LF CHANNEL S.L. conservera les donn\u00e9es personnelles des utilisateurs uniquement pendant le temps n\u00e9cessaire \u00e0 la r\u00e9alisation des objectifs pour lesquels elles ont \u00e9t\u00e9 collect\u00e9es, et tant que les utilisateurs ne r\u00e9voqueront pas les consentements accord\u00e9s.<\/span><\/p>\n<p><span>Par la suite, si cela s&rsquo;av\u00e8re n\u00e9cessaire, les informations seront bloqu\u00e9es pendant les p\u00e9riodes de temps pr\u00e9vues par la loi.<\/span><\/p>\n<h3><b>Destinataires \u2013 \u00c0 qui vos donn\u00e9es seront-elles communiqu\u00e9es\u00a0?<\/b><\/h3>\n<p><span>Vos donn\u00e9es peuvent \u00eatre consult\u00e9es par les fournisseurs qui offrent des services \u00e0 LF CHANNEL S.L., tels que des services d&rsquo;h\u00e9bergement, des outils de marketing, et des syst\u00e8mes de contenu ou d&rsquo;autres professionnels, lorsque cette communication est requise par la loi ou pour l&rsquo;ex\u00e9cution des services contractuels.<\/span><\/p>\n<p><span>LF CHANNEL S.L. a sign\u00e9 un contrat de traitement de donn\u00e9es personnalis\u00e9 avec tous les fournisseurs qui fournissent des services \u00e0 LF CHANNEL S.L. L&rsquo;objectif de ces contrats personnalis\u00e9s est de garantir que ces fournisseurs traiteront vos donn\u00e9es conform\u00e9ment aux dispositions de la l\u00e9gislation en vigueur.<\/span><\/p>\n<p><span>Les donn\u00e9es peuvent \u00e9galement \u00eatre transf\u00e9r\u00e9es aux forces et corps de s\u00e9curit\u00e9 de l&rsquo;\u00c9tat dans les cas o\u00f9 il existe une obligation l\u00e9gale de le faire.<\/span><\/p>\n<p><span>Les banques et les institutions financi\u00e8res, pour le paiement des services.<\/span><\/p>\n<p><span>Les administrations publiques comp\u00e9tentes dans les secteurs d&rsquo;activit\u00e9, lorsque la r\u00e9glementation en vigueur le pr\u00e9voit.<\/span><\/p>\n<h3><b>S\u00e9curit\u00e9 de l&rsquo;information \u2013 Quelles mesures de s\u00e9curit\u00e9 avons-nous mises en place pour prot\u00e9ger vos donn\u00e9es\u00a0?<\/b><\/h3>\n<p><span>Afin de prot\u00e9ger les diff\u00e9rents types de donn\u00e9es vis\u00e9s dans la pr\u00e9sente politique de confidentialit\u00e9, des mesures de s\u00e9curit\u00e9 technique n\u00e9cessaires seront mises en place pour emp\u00eacher leur perte, leur manipulation, leur diffusion ou leur alt\u00e9ration.<\/span><\/p>\n<ul>\n<li aria-level=\"1\"><span>Cryptage des communications entre l&rsquo;appareil de l&rsquo;utilisateur et les serveurs de LF CHANNEL S.L.<\/span><\/li>\n<li aria-level=\"1\"><span>Cryptage de l&rsquo;information sur les propres serveurs de LF CHANNEL S.L.<\/span><\/li>\n<li aria-level=\"1\"><span>Autres mesures visant \u00e0 emp\u00eacher l&rsquo;acc\u00e8s aux donn\u00e9es des utilisateurs par des tiers.<\/span><\/li>\n<li aria-level=\"1\"><span>Dans les cas o\u00f9 LF CHANNEL S.L. a recours \u00e0 des fournisseurs de services pour la maintenance de la plateforme qui sont situ\u00e9s hors de l&rsquo;Union europ\u00e9enne, ces transferts internationaux ont \u00e9t\u00e9 mis \u00e0 niveau conform\u00e9ment \u00e0 l&rsquo;engagement de LF CHANNEL S.L. pour la protection, l&rsquo;int\u00e9grit\u00e9 et la s\u00e9curit\u00e9 des donn\u00e9es personnelles des utilisateurs.<\/span><\/li>\n<\/ul>\n<h3><b>Droits \u2013 Quels sont vos droits lorsque vous nous fournissez vos donn\u00e9es et comment pouvez-vous les exercer\u00a0?<\/b><\/h3>\n<p><span>Vous avez le droit d&rsquo;obtenir la confirmation que LF CHANNEL S.L. traite ou non vos donn\u00e9es personnelles.<\/span><\/p>\n<p><span>Vous avez \u00e9galement le droit d&rsquo;acc\u00e9der \u00e0 vos donn\u00e9es personnelles, ainsi que de demander la rectification des donn\u00e9es inexactes ou, le cas \u00e9ch\u00e9ant, de demander leur suppression lorsque, entre autres raisons, les donn\u00e9es ne sont plus n\u00e9cessaires aux fins pour lesquelles elles ont \u00e9t\u00e9 collect\u00e9es.<\/span><\/p>\n<p><span>Dans certaines circonstances, vous pouvez nous demander de limiter le traitement de vos donn\u00e9es, auquel cas nous ne les conserverons que dans le but de poursuivre ou de d\u00e9fendre des r\u00e9clamations.<\/span><\/p>\n<p><span>Dans certaines circonstances et pour des raisons propres \u00e0 votre situation, vous pouvez vous opposer au traitement de vos donn\u00e9es. LF CHANNEL S.L. cessera de traiter les donn\u00e9es, sauf pour des raisons l\u00e9gitimes imp\u00e9rieuses, ou pour l&rsquo;exercice ou la d\u00e9fense d&rsquo;\u00e9ventuelles r\u00e9clamations.<\/span><\/p>\n<p><span>Vous pouvez \u00e9galement exercer votre droit de portabilit\u00e9 de vos donn\u00e9es, ainsi que votre droit de retirer les consentements fournis \u00e0 tout moment, sans que cela n&rsquo;affecte la l\u00e9galit\u00e9 du traitement fond\u00e9 sur le consentement avant son retrait.<\/span><\/p>\n<p><span>Si vous souhaitez exercer l&rsquo;un de vos droits, veuillez contacter <\/span><a href=\"mailto:info@lfchannel.com\"><span>info@lfchannel.com<\/span><\/a><\/p>\n<p><span>Enfin, nous vous informons que vous pouvez adresser toute r\u00e9clamation d\u00e9coulant du traitement de vos donn\u00e9es personnelles \u00e0 la <\/span><i><span>Agencia Espa\u00f1ola de Protecci\u00f3n de Datos<\/span><\/i><span> (l&rsquo;Agence espagnole de protection des donn\u00e9es) et \u00e0 d&rsquo;autres organismes publics comp\u00e9tents et\/ou \u00e9quivalents.<\/span><\/p>\n<h3><b>Modification de la politique de confidentialit\u00e9<\/b><\/h3>\n<p><span>LF CHANNEL S.L. peut modifier cette politique de confidentialit\u00e9 \u00e0 tout moment, et les versions successives seront publi\u00e9es sur le site Web. Dans tous les cas, LF CHANNEL S.L. notifiera au pr\u00e9alable les modifications de cette politique qui affectent les utilisateurs afin qu&rsquo;ils puissent les accepter.<\/span><\/p>\n<p><span>Cette politique de confidentialit\u00e9 est en vigueur depuis le 18\/01\/2023 LF CHANNEL S.L. (Espagne). Tous droits r\u00e9serv\u00e9s.<\/span><\/p>\n<p>[\/et_pb_text][\/et_pb_column][\/et_pb_row][\/et_pb_section]<\/p>\n","protected":false},"excerpt":{"rendered":"<p>CONFIDENTIALIT\u00c9 Responsable du traitement \u2013 Qui est le responsable du traitement des donn\u00e9es\u00a0? Identit\u00e9\u00a0: LF CHANNEL S.L. Si\u00e8ge social\u00a0: C\/ Mallorca 221, 6-1 &#8211; 08008 Barcelone. CIF\u00a0: B61058921 Num\u00e9ro de t\u00e9l\u00e9phone\u00a0: (+34) 934 188 151 Adresse e-mail\u00a0: info@lfchannel.com Contact\u00a0: L&rsquo;entreprise Nom de domaine\u00a0: https:\/\/lfchannel.com Finalit\u00e9s \u2013 Quels sont les objectifs du traitement de vos donn\u00e9es\u00a0? [&hellip;]<\/p>\n","protected":false},"author":10,"featured_media":0,"parent":0,"menu_order":0,"comment_status":"closed","ping_status":"open","template":"","meta":{"_et_pb_use_builder":"on","_et_pb_old_content":"<!-- wp:heading -->\r\n<h2>Qui\u00e9nes somos<\/h2>\r\n<!-- \/wp:heading -->\r\n\r\n<!-- wp:paragraph -->\r\n<p><strong class=\"privacy-policy-tutorial\">Texto sugerido: <\/strong>La direcci\u00f3n de nuestra web es: https:\/\/lfchannel.com.<\/p>\r\n<!-- \/wp:paragraph -->\r\n\r\n<!-- wp:heading -->\r\n<h2>Comentarios<\/h2>\r\n<!-- \/wp:heading -->\r\n\r\n<!-- wp:paragraph -->\r\n<p><strong class=\"privacy-policy-tutorial\">Texto sugerido: <\/strong>Cuando los visitantes dejan comentarios en la web, recopilamos los datos que se muestran en el formulario de comentarios, as\u00ed como la direcci\u00f3n IP del visitante y la cadena de agentes de usuario del navegador para ayudar a la detecci\u00f3n de spam.<\/p>\r\n<!-- \/wp:paragraph -->\r\n\r\n<!-- wp:paragraph -->\r\n<p>Una cadena an\u00f3nima creada a partir de tu direcci\u00f3n de correo electr\u00f3nico (tambi\u00e9n llamada hash) puede ser proporcionada al servicio de Gravatar para ver si la est\u00e1s usando. La pol\u00edtica de privacidad del servicio Gravatar est\u00e1 disponible aqu\u00ed: https:\/\/automattic.com\/privacy\/. Despu\u00e9s de la aprobaci\u00f3n de tu comentario, la imagen de tu perfil es visible para el p\u00fablico en el contexto de tu comentario.<\/p>\r\n<!-- \/wp:paragraph -->\r\n\r\n<!-- wp:heading -->\r\n<h2>Medios<\/h2>\r\n<!-- \/wp:heading -->\r\n\r\n<!-- wp:paragraph -->\r\n<p><strong class=\"privacy-policy-tutorial\">Texto sugerido: <\/strong>Si subes im\u00e1genes a la web, deber\u00edas evitar subir im\u00e1genes con datos de ubicaci\u00f3n (GPS EXIF) incluidos. Los visitantes de la web pueden descargar y extraer cualquier dato de ubicaci\u00f3n de las im\u00e1genes de la web.<\/p>\r\n<!-- \/wp:paragraph -->\r\n\r\n<!-- wp:heading -->\r\n<h2>Cookies<\/h2>\r\n<!-- \/wp:heading -->\r\n\r\n<!-- wp:paragraph -->\r\n<p><strong class=\"privacy-policy-tutorial\">Texto sugerido: <\/strong>Si dejas un comentario en nuestro sitio puedes elegir guardar tu nombre, direcci\u00f3n de correo electr\u00f3nico y web en cookies. Esto es para tu comodidad, para que no tengas que volver a rellenar tus datos cuando dejes otro comentario. Estas cookies tendr\u00e1n una duraci\u00f3n de un a\u00f1o.<\/p>\r\n<!-- \/wp:paragraph -->\r\n\r\n<!-- wp:paragraph -->\r\n<p>Si tienes una cuenta y te conectas a este sitio, instalaremos una cookie temporal para determinar si tu navegador acepta cookies. Esta cookie no contiene datos personales y se elimina al cerrar el navegador.<\/p>\r\n<!-- \/wp:paragraph -->\r\n\r\n<!-- wp:paragraph -->\r\n<p>Cuando accedas, tambi\u00e9n instalaremos varias cookies para guardar tu informaci\u00f3n de acceso y tus opciones de visualizaci\u00f3n de pantalla. Las cookies de acceso duran dos d\u00edas, y las cookies de opciones de pantalla duran un a\u00f1o. Si seleccionas \u00abRecu\u00e9rdarme\u00bb, tu acceso perdurar\u00e1 durante dos semanas. Si sales de tu cuenta, las cookies de acceso se eliminar\u00e1n.<\/p>\r\n<!-- \/wp:paragraph -->\r\n\r\n<!-- wp:paragraph -->\r\n<p>Si editas o publicas un art\u00edculo se guardar\u00e1 una cookie adicional en tu navegador. Esta cookie no incluye datos personales y simplemente indica el ID del art\u00edculo que acabas de editar. Caduca despu\u00e9s de 1 d\u00eda.<\/p>\r\n<!-- \/wp:paragraph -->\r\n\r\n<!-- wp:heading -->\r\n<h2>Contenido incrustado de otros sitios web<\/h2>\r\n<!-- \/wp:heading -->\r\n\r\n<!-- wp:paragraph -->\r\n<p><strong class=\"privacy-policy-tutorial\">Texto sugerido: <\/strong>Los art\u00edculos de este sitio pueden incluir contenido incrustado (por ejemplo, v\u00eddeos, im\u00e1genes, art\u00edculos, etc.). El contenido incrustado de otras webs se comporta exactamente de la misma manera que si el visitante hubiera visitado la otra web.<\/p>\r\n<!-- \/wp:paragraph -->\r\n\r\n<!-- wp:paragraph -->\r\n<p>Estas web pueden recopilar datos sobre ti, utilizar cookies, incrustar un seguimiento adicional de terceros, y supervisar tu interacci\u00f3n con ese contenido incrustado, incluido el seguimiento de tu interacci\u00f3n con el contenido incrustado si tienes una cuenta y est\u00e1s conectado a esa web.<\/p>\r\n<!-- \/wp:paragraph -->\r\n\r\n<!-- wp:heading -->\r\n<h2>Con qui\u00e9n compartimos tus datos<\/h2>\r\n<!-- \/wp:heading -->\r\n\r\n<!-- wp:paragraph -->\r\n<p><strong class=\"privacy-policy-tutorial\">Texto sugerido: <\/strong>Si solicitas un restablecimiento de contrase\u00f1a, tu direcci\u00f3n IP ser\u00e1 incluida en el correo electr\u00f3nico de restablecimiento.<\/p>\r\n<!-- \/wp:paragraph -->\r\n\r\n<!-- wp:heading -->\r\n<h2>Cu\u00e1nto tiempo conservamos tus datos<\/h2>\r\n<!-- \/wp:heading -->\r\n\r\n<!-- wp:paragraph -->\r\n<p><strong class=\"privacy-policy-tutorial\">Texto sugerido: <\/strong>Si dejas un comentario, el comentario y sus metadatos se conservan indefinidamente. Esto es para que podamos reconocer y aprobar comentarios sucesivos autom\u00e1ticamente, en lugar de mantenerlos en una cola de moderaci\u00f3n.<\/p>\r\n<!-- \/wp:paragraph -->\r\n\r\n<!-- wp:paragraph -->\r\n<p>De los usuarios que se registran en nuestra web (si los hay), tambi\u00e9n almacenamos la informaci\u00f3n personal que proporcionan en su perfil de usuario. Todos los usuarios pueden ver, editar o eliminar su informaci\u00f3n personal en cualquier momento (excepto que no pueden cambiar su nombre de usuario). Los administradores de la web tambi\u00e9n pueden ver y editar esa informaci\u00f3n.<\/p>\r\n<!-- \/wp:paragraph -->\r\n\r\n<!-- wp:heading -->\r\n<h2>Qu\u00e9 derechos tienes sobre tus datos<\/h2>\r\n<!-- \/wp:heading -->\r\n\r\n<!-- wp:paragraph -->\r\n<p><strong class=\"privacy-policy-tutorial\">Texto sugerido: <\/strong>Si tienes una cuenta o has dejado comentarios en esta web, puedes solicitar recibir un archivo de exportaci\u00f3n de los datos personales que tenemos sobre ti, incluyendo cualquier dato que nos hayas proporcionado. Tambi\u00e9n puedes solicitar que eliminemos cualquier dato personal que tengamos sobre ti. Esto no incluye ning\u00fan dato que estemos obligados a conservar con fines administrativos, legales o de seguridad.<\/p>\r\n<!-- \/wp:paragraph -->\r\n\r\n<!-- wp:heading -->\r\n<h2>D\u00f3nde se env\u00edan tus datos<\/h2>\r\n<!-- \/wp:heading -->\r\n\r\n<!-- wp:paragraph -->\r\n<p><strong class=\"privacy-policy-tutorial\">Texto sugerido: <\/strong>Los comentarios de los visitantes puede que los revise un servicio de detecci\u00f3n autom\u00e1tica de spam.<\/p>\r\n<!-- \/wp:paragraph -->","_et_gb_content_width":"","content-type":"","footnotes":""},"class_list":["post-3945","page","type-page","status-publish","hentry"],"aioseo_notices":[],"_links":{"self":[{"href":"https:\/\/lfchannel.com\/fr\/wp-json\/wp\/v2\/pages\/3945","targetHints":{"allow":["GET"]}}],"collection":[{"href":"https:\/\/lfchannel.com\/fr\/wp-json\/wp\/v2\/pages"}],"about":[{"href":"https:\/\/lfchannel.com\/fr\/wp-json\/wp\/v2\/types\/page"}],"author":[{"embeddable":true,"href":"https:\/\/lfchannel.com\/fr\/wp-json\/wp\/v2\/users\/10"}],"replies":[{"embeddable":true,"href":"https:\/\/lfchannel.com\/fr\/wp-json\/wp\/v2\/comments?post=3945"}],"version-history":[{"count":4,"href":"https:\/\/lfchannel.com\/fr\/wp-json\/wp\/v2\/pages\/3945\/revisions"}],"predecessor-version":[{"id":4917,"href":"https:\/\/lfchannel.com\/fr\/wp-json\/wp\/v2\/pages\/3945\/revisions\/4917"}],"wp:attachment":[{"href":"https:\/\/lfchannel.com\/fr\/wp-json\/wp\/v2\/media?parent=3945"}],"curies":[{"name":"wp","href":"https:\/\/api.w.org\/{rel}","templated":true}]}}