{"id":13956,"date":"2026-04-20T17:10:06","date_gmt":"2026-04-20T15:10:06","guid":{"rendered":"https:\/\/lfchannel.com\/?page_id=13956"},"modified":"2026-04-20T17:17:38","modified_gmt":"2026-04-20T15:17:38","slug":"politique-de-cookies","status":"publish","type":"page","link":"https:\/\/lfchannel.com\/fr\/politique-de-cookies\/","title":{"rendered":"Politique de cookies"},"content":{"rendered":"<p>Voici la traduction en fran\u00e7ais, en respectant scrupuleusement la mise en page, les sauts de ligne et la structure de votre document original :<\/p>\n<p>Document r\u00e9vis\u00e9 le 02\/02\/2026<\/p>\n<p>Sur ce site, des cookies propres et de tiers sont utilis\u00e9s pour obtenir une meilleure exp\u00e9rience de navigation, pouvoir partager du contenu sur les r\u00e9seaux sociaux et obtenir des statistiques sur les utilisateurs.<\/p>\n<p>Pour \u00e9viter le t\u00e9l\u00e9chargement de cookies, vous pouvez les bloquer via la configuration de votre navigateur, emp\u00eachant ainsi leur stockage sur votre disque dur.<\/p>\n<p>Google Chrome \u2013 Internet Explorer \u2013 Mozilla Firefox \u2013 Apple Safari<\/p>\n<p>En d\u00e9sactivant ou en supprimant les cookies, une partie du site web ne fonctionnera pas ou la qualit\u00e9 de celui-ci pourra \u00eatre affect\u00e9e.<\/p>\n<p>Si vous continuez \u00e0 naviguer, nous consid\u00e9rons que vous acceptez leur utilisation.<\/p>\n<p>Que sont les cookies ?<br \/>\nLes cookies sont de petits fichiers de donn\u00e9es qui sont stock\u00e9s sur votre appareil lorsque vous visitez certains sites web. Ils sont utilis\u00e9s pour enregistrer certaines interactions de la navigation sur le Web en stockant des donn\u00e9es qui pourront \u00eatre mises \u00e0 jour et r\u00e9cup\u00e9r\u00e9es. Ces fichiers sont stock\u00e9s sur votre ordinateur et contiennent des donn\u00e9es anonymes qui ne sont pas nocives pour votre \u00e9quipement.<\/p>\n<p>Ils sont utilis\u00e9s pour m\u00e9moriser vos pr\u00e9f\u00e9rences, telles que la langue s\u00e9lectionn\u00e9e, les donn\u00e9es d&rsquo;acc\u00e8s ou la personnalisation de la page.<\/p>\n<p>Pourquoi utilisons-nous des cookies ?<br \/>\nLe site web utilise uniquement les cookies qui sont n\u00e9cessaires et essentiels pour que vous puissiez utiliser ce site et qui vous permettent de vous d\u00e9placer librement, d&rsquo;utiliser des zones s\u00e9curis\u00e9es, des options personnalis\u00e9es, etc.<\/p>\n<p>De plus, il utilise des cookies qui collectent des donn\u00e9es relatives \u00e0 l&rsquo;analyse de l&rsquo;utilisation du Web.<\/p>\n<p>Les cookies de cette page web aident \u00e0 :<br \/>\nFaire fonctionner le site correctement<br \/>\nVous faire gagner du temps en n&rsquo;ayant pas \u00e0 vous connecter \u00e0 chaque fois que vous acc\u00e9dez au site<br \/>\nM\u00e9moriser vos r\u00e9glages<br \/>\nAm\u00e9liorer la vitesse et la s\u00e9curit\u00e9 du site<br \/>\nPouvoir partager le contenu du site sur les r\u00e9seaux sociaux<br \/>\nAm\u00e9liorer continuellement le site web<br \/>\nVous montrer des publicit\u00e9s en fonction de vos habitudes de navigation sur le site web.<\/p>\n<p>Quel usage faisons-nous des diff\u00e9rents types de cookies ?<br \/>\nCookies de session : ce sont des cookies temporaires qui restent dans le fichier de cookies de votre navigateur jusqu&rsquo;\u00e0 ce que vous quittiez la page web, de sorte qu&rsquo;aucun n&rsquo;est enregistr\u00e9 sur le disque dur de l&rsquo;utilisateur. Les informations obtenues gr\u00e2ce \u00e0 ces cookies servent \u00e0 analyser les mod\u00e8les de trafic sur le web. \u00c0 long terme, cela nous permet de fournir une meilleure exp\u00e9rience pour am\u00e9liorer le contenu et faciliter son utilisation.<\/p>\n<p>Cookies permanents : ils sont stock\u00e9s sur le disque dur et notre site les lit chaque fois que vous effectuez une nouvelle visite. Un cookie permanent poss\u00e8de une date d&rsquo;expiration d\u00e9termin\u00e9e. Le cookie cessera de fonctionner apr\u00e8s cette date. Nous les utilisons, g\u00e9n\u00e9ralement, pour faciliter les services d&rsquo;achat et d&rsquo;inscription.<\/p>\n<p>Cookies propres : Ce sont des cookies cr\u00e9\u00e9s par ce site web et que seul le site lui-m\u00eame peut lire. Par exemple : cookies techniques pour le chargement d&rsquo;images, cookies de personnalisation des param\u00e8tres du web, cookies d&rsquo;analyse de trafic, etc.<\/p>\n<p>Cookies de tiers : Ce sont des cookies cr\u00e9\u00e9s par des tiers et que nous utilisons pour diff\u00e9rents services (par exemple, analyse du site web ou publicit\u00e9, r\u00e9seaux sociaux, etc.)<\/p>\n<p>Selon leur finalit\u00e9 :<br \/>\nCookies techniques : Les cookies techniques sont ceux indispensables et strictement n\u00e9cessaires au bon fonctionnement d&rsquo;un site Web et \u00e0 l&rsquo;utilisation des diff\u00e9rentes options et services qu&rsquo;il propose. Par exemple, ceux qui servent au maintien de la session, \u00e0 la gestion du temps de r\u00e9ponse, \u00e0 la performance ou \u00e0 la validation d&rsquo;options, \u00e0 l&rsquo;utilisation d&rsquo;\u00e9l\u00e9ments de s\u00e9curit\u00e9, au partage de contenu avec les r\u00e9seaux sociaux, etc.<\/p>\n<p>Cookies de personnalisation : Ces cookies permettent \u00e0 l&rsquo;utilisateur de sp\u00e9cifier ou de personnaliser certaines caract\u00e9ristiques des options g\u00e9n\u00e9rales du Web. Par exemple, d\u00e9finir la langue, la configuration r\u00e9gionale ou le type de navigateur.<\/p>\n<p>Cookies analytiques : Les cookies analytiques sont ceux utilis\u00e9s par le Web pour \u00e9laborer des profils de navigation et pouvoir conna\u00eetre vos pr\u00e9f\u00e9rences afin d&rsquo;am\u00e9liorer l&rsquo;offre de produits et services. Par exemple, via un cookie analytique, on contr\u00f4lerait les zones g\u00e9ographiques les plus int\u00e9ressantes pour un utilisateur, quel est le produit le plus accept\u00e9, etc.<\/p>\n<p>Cookies publicitaires : Les cookies publicitaires permettent la gestion des espaces publicitaires sur la base de crit\u00e8res concrets. Par exemple, la fr\u00e9quence d&rsquo;acc\u00e8s, le contenu \u00e9dit\u00e9, etc. Les cookies de publicit\u00e9 permettent, \u00e0 travers la gestion de la publicit\u00e9, de stocker des informations sur le comportement par l&rsquo;observation des habitudes, en \u00e9tudiant les acc\u00e8s et en formant un profil de pr\u00e9f\u00e9rences de l&rsquo;utilisateur, pour lui proposer une publicit\u00e9 li\u00e9e aux int\u00e9r\u00eats de son profil.<\/p>\n<p>Cookies de tiers utilis\u00e9s sur ce site<br \/>\nCe site inclut des fonctionnalit\u00e9s fournies par des tiers qui installent leurs propres cookies.<\/p>\n<p>Comme ce sont des cookies provisoires, il n&rsquo;est pas toujours possible d&rsquo;en informer et ils ont seulement des finalit\u00e9s d&rsquo;\u00e9tude et d&rsquo;\u00e9valuation. En aucun cas ils ne compromettront votre vie priv\u00e9e.<\/p>\n<p>Les cookies de tiers les plus stables utilis\u00e9s sur ce site sont :<\/p>\n<p>Google Analytics, un service d&rsquo;analyse web fourni par Google, Inc. dont le si\u00e8ge est aux \u00c9tats-Unis au 1600 Amphitheatre Parkway, Mountain View, Californie 94043. Pour la prestation de ces services, ils utilisent des cookies qui collectent des informations, y compris l&rsquo;adresse IP de l&rsquo;utilisateur, qui seront transmises, trait\u00e9es et stock\u00e9es par Google selon les conditions fix\u00e9es sur le site Google.com. Y compris la transmission possible de ces informations \u00e0 des tiers pour des raisons d&rsquo;exigence l\u00e9gale ou lorsque ces tiers traitent les informations pour le compte de Google.<\/p>\n<p>NOM | DUR\u00c9E PAR D\u00c9FAUT | FINALIT\u00c9 ET DOMAINE<br \/>\n__utma, __utmb, __utmc, __utmz | 2 ans \u00e0 partir de la config. ou mise \u00e0 jour | Google Analytics, Permet d&rsquo;analyser le trafic web et d&rsquo;obtenir des statistiques de navigation. Plus d&rsquo;informations.<\/p>\n<p>WordPress est la plateforme o\u00f9 est h\u00e9berg\u00e9 ce site, et elle appartient \u00e0 l&rsquo;entreprise am\u00e9ricaine Automattic, Inc. \u00c0 ces fins, les cookies utilis\u00e9s par la plateforme ne seront jamais sous le contr\u00f4le ou la gestion du responsable du site.<\/p>\n<p>NOM | DUR\u00c9E PAR D\u00c9FAUT | FINALIT\u00c9 ET DOMAINE<br \/>\nCookie: __qca | 2 ans \u00e0 partir de la config. ou mise \u00e0 jour | WordPress : Permet d&rsquo;analyser le trafic web et installe in\u00e9vitablement \u00e0 tous ses utilisateurs un cookie de statistiques qui suit et stocke leur IP chez une entreprise am\u00e9ricaine (Automattic) via un tiers (Quantcast). Le leur est un cookie g\u00e9n\u00e9ralement associ\u00e9 \u00e0 Quantcast. Ils fournissent le classement des sites web, et les donn\u00e9es collect\u00e9es sont \u00e9galement utilis\u00e9es pour la segmentation de l&rsquo;audience.<\/p>\n<p>MailChimp comme fournisseur d&rsquo;e-mail marketing. La liste d&rsquo;inscription par e-mail sera stock\u00e9e chez le fournisseur de services d&rsquo;e-mail marketing Mailchimp (512 Means St., Suite 404. Atlanta, G\u00e9orgie 30318. \u00c9tats-Unis d&rsquo;Am\u00e9rique) dont vous pouvez trouver la politique de confidentialit\u00e9 sur le lien suivant http:\/\/www.mailchimp.com\/legal\/privacy\/. Il y est d\u00e9clar\u00e9 que les listes de diffusion stock\u00e9es sur le serveur de Mailchimp ne font l&rsquo;objet d&rsquo;aucune cession, communication ou vente \u00e0 des tiers, et qu&rsquo;aucune communication n&rsquo;est envoy\u00e9e par Mailchimp \u00e0 ces adresses.<br \/>\nMailchimp adh\u00e8re au Privacy Shield, il b\u00e9n\u00e9ficie donc d&rsquo;une ad\u00e9quation et d&rsquo;un niveau de protection reconnus par la Commission europ\u00e9enne, de sorte qu&rsquo;aucune autorisation du directeur de l&rsquo;Agence espagnole de protection des donn\u00e9es n&rsquo;est requise. Le Privacy Shield garantit que Mailchimp s&rsquo;engage \u00e0 respecter les exigences de s\u00e9curit\u00e9 minimales requises par la l\u00e9gislation europ\u00e9enne concernant le traitement des donn\u00e9es \u00e0 caract\u00e8re personnel.<\/p>\n<p>NOM | DUR\u00c9E PAR D\u00c9FAUT | FINALIT\u00c9 ET DOMAINE<br \/>\nMailChimp | 2 ans \u00e0 partir de la configuration | C&rsquo;est un g\u00e9n\u00e9rateur d&rsquo;abonnements. Plus d&rsquo;informations.<\/p>\n<p>Cookies de r\u00e9seaux sociaux, qui peuvent \u00eatre stock\u00e9s sur votre ordinateur par exemple, lorsque vous utilisez le bouton de partage de contenu de ce site sur un r\u00e9seau social.<br \/>\nLes entreprises qui g\u00e9n\u00e8rent ces cookies ont leurs propres politiques de cookies :<\/p>\n<p>Cookies de Facebook<br \/>\nCookies de Twitter<br \/>\nCookies de LinkedIn<br \/>\nCookies de Google Plus<br \/>\nCookies de Youtube<\/p>\n<p>Des actions de marketing sont men\u00e9es via Facebook Ads, qui utilise des cookies pour nous aider \u00e0 proposer des publicit\u00e9s en ligne cibl\u00e9es bas\u00e9es sur les visites pr\u00e9c\u00e9dentes sur notre site ou sur les int\u00e9r\u00eats indiqu\u00e9s sur Facebook.<\/p>\n<p>Lorsque des liens d&rsquo;affiliation sont inclus, le site utilise \u00e9galement des plateformes de services d&rsquo;affiliation qui utilisent des cookies de navigateur pour assurer le suivi des ventes ayant pour origine ce site dans les programmes d&rsquo;affiliation avec lesquels ce site collabore.<\/p>\n<p>O\u00f9 puis-je obtenir plus d&rsquo;informations ?<br \/>\nVous pouvez consulter le r\u00e8glement sur les cookies publi\u00e9 par l&rsquo;Agence Espagnole de Protection des Donn\u00e9es dans son \u00ab Guide sur l&rsquo;utilisation des cookies \u00bb et obtenir plus d&rsquo;informations sur les cookies sur Internet, http:\/\/www.aboutcookies.org\/<\/p>\n<p>Si vous souhaitez avoir un meilleur contr\u00f4le sur l&rsquo;installation des cookies, vous pouvez installer des programmes ou des extensions sur votre navigateur, connus sous le nom d&rsquo;outils \u00ab Do Not Track \u00bb, qui vous permettront de choisir les cookies que vous souhaitez autoriser.<\/p>\n","protected":false},"excerpt":{"rendered":"<p>Voici la traduction en fran\u00e7ais, en respectant scrupuleusement la mise en page, les sauts de ligne et la structure de votre document original : Document r\u00e9vis\u00e9 le 02\/02\/2026 Sur ce site, des cookies propres et de tiers sont utilis\u00e9s pour obtenir une meilleure exp\u00e9rience de navigation, pouvoir partager du contenu sur les r\u00e9seaux sociaux et [&hellip;]<\/p>\n","protected":false},"author":8,"featured_media":0,"parent":0,"menu_order":0,"comment_status":"closed","ping_status":"closed","template":"","meta":{"_et_pb_use_builder":"","_et_pb_old_content":"","_et_gb_content_width":"","content-type":"","footnotes":""},"class_list":["post-13956","page","type-page","status-publish","hentry"],"aioseo_notices":[],"_links":{"self":[{"href":"https:\/\/lfchannel.com\/fr\/wp-json\/wp\/v2\/pages\/13956","targetHints":{"allow":["GET"]}}],"collection":[{"href":"https:\/\/lfchannel.com\/fr\/wp-json\/wp\/v2\/pages"}],"about":[{"href":"https:\/\/lfchannel.com\/fr\/wp-json\/wp\/v2\/types\/page"}],"author":[{"embeddable":true,"href":"https:\/\/lfchannel.com\/fr\/wp-json\/wp\/v2\/users\/8"}],"replies":[{"embeddable":true,"href":"https:\/\/lfchannel.com\/fr\/wp-json\/wp\/v2\/comments?post=13956"}],"version-history":[{"count":1,"href":"https:\/\/lfchannel.com\/fr\/wp-json\/wp\/v2\/pages\/13956\/revisions"}],"predecessor-version":[{"id":13957,"href":"https:\/\/lfchannel.com\/fr\/wp-json\/wp\/v2\/pages\/13956\/revisions\/13957"}],"wp:attachment":[{"href":"https:\/\/lfchannel.com\/fr\/wp-json\/wp\/v2\/media?parent=13956"}],"curies":[{"name":"wp","href":"https:\/\/api.w.org\/{rel}","templated":true}]}}