{"id":2499,"date":"2022-12-15T12:26:00","date_gmt":"2022-12-15T11:26:00","guid":{"rendered":"https:\/\/lfchannel.com\/politica-privacidad"},"modified":"2024-05-06T07:45:52","modified_gmt":"2024-05-06T05:45:52","slug":"privacy-policy","status":"publish","type":"page","link":"https:\/\/lfchannel.com\/en\/privacy-policy\/","title":{"rendered":"PRIVACY POLICY"},"content":{"rendered":"<p>[et_pb_section fb_built=&#8221;1&#8243; admin_label=&#8221;section&#8221; _builder_version=&#8221;4.16&#8243; global_colors_info=&#8221;{}&#8221;][et_pb_row admin_label=&#8221;row&#8221; _builder_version=&#8221;4.16&#8243; background_size=&#8221;initial&#8221; background_position=&#8221;top_left&#8221; background_repeat=&#8221;repeat&#8221; global_colors_info=&#8221;{}&#8221;][et_pb_column type=&#8221;4_4&#8243; _builder_version=&#8221;4.16&#8243; custom_padding=&#8221;|||&#8221; global_colors_info=&#8221;{}&#8221; custom_padding__hover=&#8221;|||&#8221;][et_pb_text _builder_version=&#8221;4.19.3&#8243; _module_preset=&#8221;default&#8221; text_line_height=&#8221;1.8em&#8221; header_line_height=&#8221;1.7em&#8221; header_3_font=&#8221;|600|||||||&#8221; header_3_line_height=&#8221;1.8em&#8221; global_colors_info=&#8221;{}&#8221;]<\/p>\n<h1 class=\"color-grey fw-semi-bold text-uppercase\">PRIVACY<\/h1>\n<h3>Responsible &#8211; who is responsible for data processing?<\/h3>\n<p><strong>Identity<\/strong>: LF CHANNEL S.L.<br \/><strong>Registered office<\/strong>: Rambla de Catalunya, 108, Pral.2 \u2013 08008 Barcelona.<br \/><strong>CIF<\/strong>: B61058921<br \/><strong>Telephone<\/strong>: 93 418 8151<br \/><strong>E-mail<\/strong>: info@lfchannel.com<br \/><strong>Contact<\/strong>: The company<br \/><strong>Domain name<\/strong>: https:\/\/lfchannel.com<\/p>\n<h3>Purposes &#8211; for what purposes do we process your data?<\/h3>\n<p>In compliance with the provisions of the European Regulation 2016\/679 General Data Protection Regulation, we inform you that we will treat the data you provide for:<\/p>\n<ul>\n<li>Periodically send communications about services, events and news related to the activities developed by LF CHANNEL S.L. by any means (telephone, postal mail or email), unless otherwise indicated or the user opposes or revokes their consent.<\/li>\n<li>To send commercial and \/ or promotional information related to the contracted services sector and added value for end users, unless otherwise indicated or the user opposes or revokes their consent.<\/li>\n<li>To comply with legally established obligations, as well as to verify compliance with contractual obligations, including fraud prevention.<\/li>\n<li>Transfer of data to agencies and authorities, as long as they are required in accordance with legal and regulatory provisions.<\/li>\n<\/ul>\n<h3>Data categories &#8211; What data do we process?<\/h3>\n<p>Derived from the purposes mentioned above, in LF CHANNEL S.L. we manage the following categories of data:<\/p>\n<ul>\n<li>Identifying data<\/li>\n<li>Metadata of electronic communications<\/li>\n<li>Commercial information data. In the event that the user provides data of third parties, he\/she declares to have the consent of these and undertakes to transfer the information contained in this clause, exempting LF CHANNEL S.L. from any liability in this regard.<\/li>\n<\/ul>\n<p>However, LF CHANNEL S.L. may carry out verifications to verify this fact, adopting the corresponding due diligence measures, in accordance with data protection regulations.<\/p>\n<h3>Legitimation &#8211; what is the legitimacy for the processing of your data?<\/h3>\n<p>The processing of data for the purpose of sending periodic newsletters on services, events and news related to our professional activity is based on the consent of the data subject, expressly requested to carry out such processing, in accordance with current regulations.<\/p>\n<p>In addition, the legitimacy for the processing of data related to offers or collaborations is based on the consent of the user who sends his data, which can be withdrawn at any time, although this may affect the possible smooth communication and obstruction of processes you want to perform.<\/p>\n<p>Finally, the data may be used to comply with the legal obligations applicable to LF CHANNEL S.L..<\/p>\n<h3>Data Retention Agreement &#8211; How long will we keep your data?<\/h3>\n<p>LF CHANNEL S.L. will keep the personal data of users only for the time necessary to carry out the purposes for which they were collected, as long as it does not revoke the consents granted. Subsequently, if necessary, it will keep the information blocked for the legally established periods.<\/p>\n<h3>Recipients To which recipients will your data be communicated?<\/h3>\n<p>Your data may be accessed by those suppliers who provide services to LF CHANNEL S.L., such as hosting services, marketing tools and content systems or other professionals, when such communication is required by law, or for the execution of contracted services.<\/p>\n<p>LF CHANNEL S.L., has signed the corresponding contracts with each of the suppliers that provide services to LF CHANNEL S.L., in order to ensure that these suppliers will treat your data in accordance with the provisions of current legislation.<\/p>\n<p>They may also be transferred to the State Security Forces and Corps in cases where there is a legal obligation, banks and financial institutions, for the collection of services, public administrations with competence in the sectors of activity, when so established by current legislation.<\/p>\n<h3>Information Security &#8211; What security measures do we implement to protect your data?<\/h3>\n<p>To protect the different types of data reflected in this privacy policy will carry out the necessary technical security measures to prevent loss, manipulation, dissemination or alteration.<\/p>\n<ul>\n<li>Encryption of communications between the user&#8217;s device and LF CHANNEL S.L. servers.<\/li>\n<li>Encryption of information on the servers of LF CHANNEL S.L..<\/li>\n<li>Other measures to prevent access to user data by third parties.<\/li>\n<li>In those cases in which LF CHANNEL S.L. has service providers for the maintenance of the platform that are outside the European Union, these international transfers have been regularized according to the commitment of LF CHANNEL S.L. with the protection, integrity and security of the personal data of users.<\/li>\n<\/ul>\n<h3>Rights &#8211; What are your rights when you provide us with your data and how can you exercise them?<\/h3>\n<p>You have the right to obtain confirmation as to whether or not LF CHANNEL S.L. is processing personal data concerning you.<\/p>\n<p>You also have the right to access your personal data, as well as to request the rectification of inaccurate data or, where appropriate, request their deletion when, among other reasons, the data are no longer necessary for the purposes for which they were collected.<br \/>In certain circumstances, you may request the limitation of the processing of your data, in which case we will only keep them for the exercise or defense of claims.<\/p>\n<p>In certain circumstances and for reasons related to your particular situation, you may object to the processing of your data. LF CHANNEL S.L. will stop processing the data, except for compelling legitimate reasons, or the exercise or defense of possible claims.<\/p>\n<p>You may also exercise your right to data portability, as well as withdraw the consents provided at any time, without affecting the lawfulness of the processing based on the consent prior to its withdrawal.<\/p>\n<p>If you wish to exercise any of your rights, please contact info@lfchannel.com.<\/p>\n<p>Finally, we inform you that you can address to the Spanish Data Protection Agency and other competent public bodies for any claim arising from the processing of your personal data.<\/p>\n<h3>Modification of the privacy policy<\/h3>\n<p>LF CHANNEL S.L. may modify this Privacy Policy at any time, being published successive versions on the Website. In any case, LF CHANNEL S.L. will communicate with prior notice the modifications of the present policy that affect the users so that they can accept them.<\/p>\n<p>This Privacy Policy is updated as of 01\/03\/2020 LF CHANNEL S.L. (Spain). All rights reserved.<\/p>\n<p>[\/et_pb_text][\/et_pb_column][\/et_pb_row][\/et_pb_section]<\/p>\n","protected":false},"excerpt":{"rendered":"<p>PRIVACY Responsible &#8211; who is responsible for data processing? Identity: LF CHANNEL S.L.Registered office: Rambla de Catalunya, 108, Pral.2 \u2013 08008 Barcelona.CIF: B61058921Telephone: 93 418 8151E-mail: info@lfchannel.comContact: The companyDomain name: https:\/\/lfchannel.com Purposes &#8211; for what purposes do we process your data? In compliance with the provisions of the European Regulation 2016\/679 General Data Protection Regulation, [&hellip;]<\/p>\n","protected":false},"author":10,"featured_media":0,"parent":0,"menu_order":0,"comment_status":"closed","ping_status":"open","template":"","meta":{"_et_pb_use_builder":"on","_et_pb_old_content":"<!-- wp:heading -->\r\n<h2>Qui\u00e9nes somos<\/h2>\r\n<!-- \/wp:heading -->\r\n\r\n<!-- wp:paragraph -->\r\n<p><strong class=\"privacy-policy-tutorial\">Texto sugerido: <\/strong>La direcci\u00f3n de nuestra web es: https:\/\/lfchannel.com.<\/p>\r\n<!-- \/wp:paragraph -->\r\n\r\n<!-- wp:heading -->\r\n<h2>Comentarios<\/h2>\r\n<!-- \/wp:heading -->\r\n\r\n<!-- wp:paragraph -->\r\n<p><strong class=\"privacy-policy-tutorial\">Texto sugerido: <\/strong>Cuando los visitantes dejan comentarios en la web, recopilamos los datos que se muestran en el formulario de comentarios, as\u00ed como la direcci\u00f3n IP del visitante y la cadena de agentes de usuario del navegador para ayudar a la detecci\u00f3n de spam.<\/p>\r\n<!-- \/wp:paragraph -->\r\n\r\n<!-- wp:paragraph -->\r\n<p>Una cadena an\u00f3nima creada a partir de tu direcci\u00f3n de correo electr\u00f3nico (tambi\u00e9n llamada hash) puede ser proporcionada al servicio de Gravatar para ver si la est\u00e1s usando. La pol\u00edtica de privacidad del servicio Gravatar est\u00e1 disponible aqu\u00ed: https:\/\/automattic.com\/privacy\/. Despu\u00e9s de la aprobaci\u00f3n de tu comentario, la imagen de tu perfil es visible para el p\u00fablico en el contexto de tu comentario.<\/p>\r\n<!-- \/wp:paragraph -->\r\n\r\n<!-- wp:heading -->\r\n<h2>Medios<\/h2>\r\n<!-- \/wp:heading -->\r\n\r\n<!-- wp:paragraph -->\r\n<p><strong class=\"privacy-policy-tutorial\">Texto sugerido: <\/strong>Si subes im\u00e1genes a la web, deber\u00edas evitar subir im\u00e1genes con datos de ubicaci\u00f3n (GPS EXIF) incluidos. Los visitantes de la web pueden descargar y extraer cualquier dato de ubicaci\u00f3n de las im\u00e1genes de la web.<\/p>\r\n<!-- \/wp:paragraph -->\r\n\r\n<!-- wp:heading -->\r\n<h2>Cookies<\/h2>\r\n<!-- \/wp:heading -->\r\n\r\n<!-- wp:paragraph -->\r\n<p><strong class=\"privacy-policy-tutorial\">Texto sugerido: <\/strong>Si dejas un comentario en nuestro sitio puedes elegir guardar tu nombre, direcci\u00f3n de correo electr\u00f3nico y web en cookies. Esto es para tu comodidad, para que no tengas que volver a rellenar tus datos cuando dejes otro comentario. Estas cookies tendr\u00e1n una duraci\u00f3n de un a\u00f1o.<\/p>\r\n<!-- \/wp:paragraph -->\r\n\r\n<!-- wp:paragraph -->\r\n<p>Si tienes una cuenta y te conectas a este sitio, instalaremos una cookie temporal para determinar si tu navegador acepta cookies. Esta cookie no contiene datos personales y se elimina al cerrar el navegador.<\/p>\r\n<!-- \/wp:paragraph -->\r\n\r\n<!-- wp:paragraph -->\r\n<p>Cuando accedas, tambi\u00e9n instalaremos varias cookies para guardar tu informaci\u00f3n de acceso y tus opciones de visualizaci\u00f3n de pantalla. Las cookies de acceso duran dos d\u00edas, y las cookies de opciones de pantalla duran un a\u00f1o. Si seleccionas \u00abRecu\u00e9rdarme\u00bb, tu acceso perdurar\u00e1 durante dos semanas. Si sales de tu cuenta, las cookies de acceso se eliminar\u00e1n.<\/p>\r\n<!-- \/wp:paragraph -->\r\n\r\n<!-- wp:paragraph -->\r\n<p>Si editas o publicas un art\u00edculo se guardar\u00e1 una cookie adicional en tu navegador. Esta cookie no incluye datos personales y simplemente indica el ID del art\u00edculo que acabas de editar. Caduca despu\u00e9s de 1 d\u00eda.<\/p>\r\n<!-- \/wp:paragraph -->\r\n\r\n<!-- wp:heading -->\r\n<h2>Contenido incrustado de otros sitios web<\/h2>\r\n<!-- \/wp:heading -->\r\n\r\n<!-- wp:paragraph -->\r\n<p><strong class=\"privacy-policy-tutorial\">Texto sugerido: <\/strong>Los art\u00edculos de este sitio pueden incluir contenido incrustado (por ejemplo, v\u00eddeos, im\u00e1genes, art\u00edculos, etc.). El contenido incrustado de otras webs se comporta exactamente de la misma manera que si el visitante hubiera visitado la otra web.<\/p>\r\n<!-- \/wp:paragraph -->\r\n\r\n<!-- wp:paragraph -->\r\n<p>Estas web pueden recopilar datos sobre ti, utilizar cookies, incrustar un seguimiento adicional de terceros, y supervisar tu interacci\u00f3n con ese contenido incrustado, incluido el seguimiento de tu interacci\u00f3n con el contenido incrustado si tienes una cuenta y est\u00e1s conectado a esa web.<\/p>\r\n<!-- \/wp:paragraph -->\r\n\r\n<!-- wp:heading -->\r\n<h2>Con qui\u00e9n compartimos tus datos<\/h2>\r\n<!-- \/wp:heading -->\r\n\r\n<!-- wp:paragraph -->\r\n<p><strong class=\"privacy-policy-tutorial\">Texto sugerido: <\/strong>Si solicitas un restablecimiento de contrase\u00f1a, tu direcci\u00f3n IP ser\u00e1 incluida en el correo electr\u00f3nico de restablecimiento.<\/p>\r\n<!-- \/wp:paragraph -->\r\n\r\n<!-- wp:heading -->\r\n<h2>Cu\u00e1nto tiempo conservamos tus datos<\/h2>\r\n<!-- \/wp:heading -->\r\n\r\n<!-- wp:paragraph -->\r\n<p><strong class=\"privacy-policy-tutorial\">Texto sugerido: <\/strong>Si dejas un comentario, el comentario y sus metadatos se conservan indefinidamente. Esto es para que podamos reconocer y aprobar comentarios sucesivos autom\u00e1ticamente, en lugar de mantenerlos en una cola de moderaci\u00f3n.<\/p>\r\n<!-- \/wp:paragraph -->\r\n\r\n<!-- wp:paragraph -->\r\n<p>De los usuarios que se registran en nuestra web (si los hay), tambi\u00e9n almacenamos la informaci\u00f3n personal que proporcionan en su perfil de usuario. Todos los usuarios pueden ver, editar o eliminar su informaci\u00f3n personal en cualquier momento (excepto que no pueden cambiar su nombre de usuario). Los administradores de la web tambi\u00e9n pueden ver y editar esa informaci\u00f3n.<\/p>\r\n<!-- \/wp:paragraph -->\r\n\r\n<!-- wp:heading -->\r\n<h2>Qu\u00e9 derechos tienes sobre tus datos<\/h2>\r\n<!-- \/wp:heading -->\r\n\r\n<!-- wp:paragraph -->\r\n<p><strong class=\"privacy-policy-tutorial\">Texto sugerido: <\/strong>Si tienes una cuenta o has dejado comentarios en esta web, puedes solicitar recibir un archivo de exportaci\u00f3n de los datos personales que tenemos sobre ti, incluyendo cualquier dato que nos hayas proporcionado. Tambi\u00e9n puedes solicitar que eliminemos cualquier dato personal que tengamos sobre ti. Esto no incluye ning\u00fan dato que estemos obligados a conservar con fines administrativos, legales o de seguridad.<\/p>\r\n<!-- \/wp:paragraph -->\r\n\r\n<!-- wp:heading -->\r\n<h2>D\u00f3nde se env\u00edan tus datos<\/h2>\r\n<!-- \/wp:heading -->\r\n\r\n<!-- wp:paragraph -->\r\n<p><strong class=\"privacy-policy-tutorial\">Texto sugerido: <\/strong>Los comentarios de los visitantes puede que los revise un servicio de detecci\u00f3n autom\u00e1tica de spam.<\/p>\r\n<!-- \/wp:paragraph -->","_et_gb_content_width":"","content-type":"","footnotes":""},"class_list":["post-2499","page","type-page","status-publish","hentry"],"aioseo_notices":[],"_links":{"self":[{"href":"https:\/\/lfchannel.com\/en\/wp-json\/wp\/v2\/pages\/2499","targetHints":{"allow":["GET"]}}],"collection":[{"href":"https:\/\/lfchannel.com\/en\/wp-json\/wp\/v2\/pages"}],"about":[{"href":"https:\/\/lfchannel.com\/en\/wp-json\/wp\/v2\/types\/page"}],"author":[{"embeddable":true,"href":"https:\/\/lfchannel.com\/en\/wp-json\/wp\/v2\/users\/10"}],"replies":[{"embeddable":true,"href":"https:\/\/lfchannel.com\/en\/wp-json\/wp\/v2\/comments?post=2499"}],"version-history":[{"count":5,"href":"https:\/\/lfchannel.com\/en\/wp-json\/wp\/v2\/pages\/2499\/revisions"}],"predecessor-version":[{"id":5752,"href":"https:\/\/lfchannel.com\/en\/wp-json\/wp\/v2\/pages\/2499\/revisions\/5752"}],"wp:attachment":[{"href":"https:\/\/lfchannel.com\/en\/wp-json\/wp\/v2\/media?parent=2499"}],"curies":[{"name":"wp","href":"https:\/\/api.w.org\/{rel}","templated":true}]}}