{"id":2508,"date":"2023-01-18T12:32:28","date_gmt":"2023-01-18T11:32:28","guid":{"rendered":"https:\/\/lfchannel.com\/?page_id=2508"},"modified":"2024-03-04T09:54:48","modified_gmt":"2024-03-04T08:54:48","slug":"avis-legal","status":"publish","type":"page","link":"https:\/\/lfchannel.com\/ca\/avis-legal\/","title":{"rendered":"Av\u00eds legal"},"content":{"rendered":"<p><strong>Av\u00eds legal i termes d\u2019\u00fas<\/strong><br \/>\nEn aquest espai, l\u2019usuari podr\u00e0 trobar tota la informaci\u00f3 relativa als termes i condicions legals que defineixen les relacions entre els usuaris i nosaltres com a responsables d\u2019aquesta web. Com a usuari, \u00e9s important que conegui aquests termes abans de continuar la navegaci\u00f3. LF Channel s.l, com a responsable d\u2019aquesta web, assumeix el comprom\u00eds de processar la informaci\u00f3 dels nostres usuaris i clients amb garanties plenes i complir amb els requisits nacionals i europeus que regulen la recopilaci\u00f3 i l\u2019\u00fas de les dades personals dels nostres usuaris. Aquesta web, per tant, compleix rigorosament el RGPD (Reglament (UE) 2016\/679 general de protecci\u00f3 de dades) i la LSSI-CE, la Llei 34\/2002, d\u201911 de juliol, de serveis de la societat de la informaci\u00f3 i de comer\u00e7 electr\u00f2nic.<\/p>\n<p><strong>CONDICIONS GENERALS D\u2019\u00daS<\/strong><br \/>\nAquestes condicions generals regulen l\u2019\u00fas (incloent-hi el mer acc\u00e9s) de les p\u00e0gines de la web, integrants del lloc web de www.lfchannel.com inclosos els continguts i serveis que s\u2019hi posen a disposici\u00f3. Tota persona que accedeixi a la web, www.lfchannel.com (\u201cUsuario\u201d) accepta sotmetre\u2019s a les condicions generals vigents en cada moment del portal www.lfchannel.com.<\/p>\n<p><strong>DADES PERSONALS QUE OBTENIM I COM HO FEM<\/strong><br \/>\nLlegir Pol\u00edtica de Privacitat<\/p>\n<p><strong>COMPROMISOS I OBLIGACIONS DELS USUARIS<\/strong><br \/>\nL\u2019usuari queda informat, i accepta, que l\u2019acc\u00e9s a aquesta web no suposa, de cap manera, l\u2019inici d\u2019una relaci\u00f3 comercial amb www.lfchannel.com. Aix\u00ed, l\u2019usuari es compromet a utilitzar el lloc web i els seus serveis i continguts sense contravenir a la legislaci\u00f3 vigent, la bona fe i l\u2019ordre p\u00fablic.<br \/>\nQueda prohibit l\u2019\u00fas de la web amb finalitats il\u00b7l\u00edcites o lesives, o que, de qualsevol manera, puguin causar perjudici o impedir el funcionament normal del lloc web. Pel que fa als continguts d\u2019aquesta web, es prohibeix: La seva reproducci\u00f3, distribuci\u00f3 o modificaci\u00f3, total o parcial, a menys que es compti amb l\u2019autoritzaci\u00f3 dels seus titulars leg\u00edtims; Qualsevol vulneraci\u00f3 dels drets del prestador o dels titulars leg\u00edtims; La seva utilitzaci\u00f3 per a fins comercials o publicitaris.<\/p>\n<p>En la utilitzaci\u00f3 de la web, www.lfchannel.com, l\u2019usuari es compromet a no portar a terme cap conducta que pogu\u00e9s danyar la imatge, els interessos i els drets de www.lfchannel.com o de tercers o que pogu\u00e9s danyar, inutilitzar o sobrecarregar el portal (indicar dominio) o que imped\u00eds, de qualsevol manera, la utilitzaci\u00f3 normal de la web. Aix\u00f2 no obstant, l\u2019usuari ha de ser conscient que les mesures de seguretat dels sistemes inform\u00e0tics a Internet no s\u00f3n completament fiables i que, per tant, www.lfchannel.com no pot garantir la inexist\u00e8ncia de virus o altres elements que puguin produir alteracions en els sistemes inform\u00e0tics (programari i maquinari) de l\u2019usuari o en els seus documents electr\u00f2nics i fitxers continguts en aquests.<\/p>\n<p><strong>MESURES DE SEGURETAT<\/strong><br \/>\nLes dades personals comunicades per l\u2019usuari a www.lfchannel.com poden ser emmagatzemades en bases de dades automatitzades o no, la titularitat de les quals correspon, en exclusiva, a www.lfchannel.com i aquesta assumeix totes les mesures d\u2019\u00edndole t\u00e8cnica, organitzativa i de seguretat que garanteixen la confidencialitat, integritat i qualitat de la informaci\u00f3 que contenen d\u2019acord amb el que estableix la normativa vigent en protecci\u00f3 de dades.<br \/>\nLa comunicaci\u00f3 entre els usuaris i www.lfchannel.com utilitza un canal segur, i les dades transmeses s\u00f3n xifrades gr\u00e0cies a protocols a https; per tant, tenim les millors condicions de seguretat perqu\u00e8 la confidencialitat dels usuaris estigui garantida.<\/p>\n<p><strong>RECLAMACIONS<\/strong><br \/>\nwww.lfchannel.com informa que hi ha fulls de reclamaci\u00f3 a disposici\u00f3 d\u2019usuaris i clients. L\u2019usuari podr\u00e0 fer reclamacions sol\u00b7licitant el seu full de reclamaci\u00f3 o remetent un correu electr\u00f2nic a\u00a0<a href=\"mailto:dop@lfchannel.com\">dop@lfchannel.com<\/a>, indicant el seu nom i cognoms, el servei i\/o producte adquirit i exposant els motius de la seva reclamaci\u00f3.<br \/>\nL\u2019usuari\/comprador podr\u00e0 notificar-nos la reclamaci\u00f3, a trav\u00e9s de correu electr\u00f2nic a:\u00a0<a href=\"mailto:dop@lfchannel.com\">dop@lfchannel.com<\/a>, si ho vol, adjuntant el formulari de reclamaci\u00f3 seg\u00fcent: El servei\/producte: Adquirit el dia: Nom de l\u2019usuari: Domicili de l\u2019usuari: Firma de l\u2019usuari (nom\u00e9s si es presenta en paper): Data: Motiu de la reclamaci\u00f3:<\/p>\n<p><strong>PLATAFORMA DE RESOLUCI\u00d3 DE CONFLICTES<\/strong><br \/>\nPer si pot ser del seu inter\u00e8s, per sotmetre les seves reclamacions pot utilitzar tamb\u00e9 la plataforma de resoluci\u00f3 de litigis que facilita la Comissi\u00f3 Europea i que es troba disponible en l\u2019enlla\u00e7 seg\u00fcent: http:\/\/ec.europa.eu\/consumers\/odr\/<\/p>\n<p><strong>DRETS DE PROPIETAT INTEL\u00b7LECTUAL I INDUSTRIAL<\/strong><br \/>\nEn virtut del que disposen els articles 8 i 32.1, par\u00e0graf segon, de la Llei de propietat intel\u00b7lectual, queden expressament prohibides la reproducci\u00f3, la distribuci\u00f3 i la comunicaci\u00f3 p\u00fablica, inclosa la modalitat de posada a disposici\u00f3, de la totalitat o d\u2019una part dels continguts d\u2019aquesta p\u00e0gina web, amb fins comercials, en qualsevol suport i per qualsevol mitj\u00e0 t\u00e8cnic, sense l\u2019autoritzaci\u00f3 de www.lfchannel.com. L\u2019usuari es compromet a respectar els drets de propietat intel\u00b7lectual i industrial titularitat de www.lfchannel.com.<br \/>\nL\u2019usuari coneix i accepta que la totalitat del lloc web, que inclou sense car\u00e0cter exhaustiu el text, programari, continguts (que compr\u00e8n l\u2019estructura, la selecci\u00f3, l\u2019ordenaci\u00f3 i la presentaci\u00f3 d\u2019aquests continguts), podcasts, fotografies, material audiovisual i gr\u00e0fics, est\u00e0 protegida per marques, drets d\u2019autor i altres drets leg\u00edtims, d\u2019acord amb els tractats internacionals en els quals Espanya \u00e9s part i altres drets de propietat i lleis d\u2019Espanya. En el cas que un usuari o un tercer considerin que s\u2019ha produ\u00eft una violaci\u00f3 dels seus drets leg\u00edtims de propietat intel\u00b7lectual per la introducci\u00f3 d\u2019un contingut determinat en la web, haur\u00e0 de notificar la dita circumst\u00e0ncia a www.lfchannel.com. indicant:<br \/>\n\u2022 Dades personals de l\u2019interessat, titular dels drets infringits presumptament, o indicar la representaci\u00f3 amb qu\u00e8 actua en cas que la reclamaci\u00f3 la presenti un tercer distint de l\u2019interessat.<br \/>\n\u2022 Assenyalar els continguts protegits pels drets de propietat intel\u00b7lectual i la seva ubicaci\u00f3 en la web, l\u2019acreditaci\u00f3 dels drets de propietat intel\u00b7lectual assenyalats i declaraci\u00f3 expressa en qu\u00e8 l\u2019interessat es responsabilitza de la veracitat de les informacions facilitades en la notificaci\u00f3.<\/p>\n<p><strong>ENLLA\u00c7OS EXTERNS<\/strong><br \/>\nLes p\u00e0gines del web www.lfchannel.com, podrien proporcionar enlla\u00e7os a altres llocs web propis i continguts que s\u00f3n propietat de tercers. L\u2019\u00fanic objecte dels enlla\u00e7os \u00e9s proporcionar a l\u2019usuari la possibilitat d\u2019accedir als enlla\u00e7os esmentats. www.lfchannel.com no es responsabilitza en cap cas dels resultats que puguin derivar-se a l\u2019usuari per acc\u00e9s als enlla\u00e7os esmentats.<br \/>\nAix\u00ed mateix, l\u2019usuari trobar\u00e0 en aquest lloc p\u00e0gines, promocions, programes d\u2019afiliats que accedeixen als h\u00e0bits de navegaci\u00f3 dels usuaris per establir-ne perfils. Aquesta informaci\u00f3 sempre \u00e9s an\u00f2nima i no s\u2019hi identifica l\u2019usuari.<br \/>\nLa informaci\u00f3 que es proporcioni en aquests llocs patrocinats o enlla\u00e7os d\u2019afiliats est\u00e0 subjecta a les pol\u00edtiques de privacitat que s\u2019utilitzin en els dits llocs i no estar\u00e0 subjecta a aquesta pol\u00edtica de privacitat. Per tot aix\u00f2 recomanem encaridament als usuaris revisar detalladament les pol\u00edtiques de privacitat dels enlla\u00e7os d\u2019afiliats.<br \/>\nL\u2019usuari que es proposi establir un enlla\u00e7 amb qualsevol dispositiu t\u00e8cnic des del seu lloc web al portal www.lfchannel.com haur\u00e0 d\u2019obtenir l\u2019autoritzaci\u00f3 pr\u00e8via i escrita de www.lfchannel.com. L\u2019establiment de l\u2019enlla\u00e7 no implica en cap cas l\u2019exist\u00e8ncia de relacions entre www.lfchannel.com i el propietari del lloc en el qual s\u2019estableixi l\u2019enlla\u00e7, ni l\u2019acceptaci\u00f3 o aprovaci\u00f3 per part de www.lfchannel.com dels seus continguts o serveis.<\/p>\n<p><strong>POL\u00cdTICA DE COMENTARIS<\/strong><br \/>\nAl nostre web es permet fer comentaris per enriquir-ne els continguts i fer-hi consultes. No s\u2019admetran comentaris que no estiguin relacionats amb la tem\u00e0tica d\u2019aquest web, que incloguin difamacions, greuges, insults, atacs personals o faltes de respecte en general cap a l\u2019autor o cap a altres membres. Tamb\u00e9 seran suprimits els comentaris que continguin informaci\u00f3 que sigui \u00f2bviament enganyosa o falsa, aix\u00ed com els comentaris que continguin informaci\u00f3 personal, com, per exemple, domicilis privats o tel\u00e8fons i que vulnerin la nostra pol\u00edtica de protecci\u00f3 de dades.<br \/>\nEs desestimaran, tamb\u00e9, aquells comentaris creats nom\u00e9s amb fins promocionals d\u2019una web, persona o col\u00b7lectiu i tot el que es pugui considerar contingut brossa en general.<br \/>\nNo es permetran comentaris an\u00f2nims, ni tampoc els fets per una mateixa persona amb diferents \u00e0lies. No es consideraran tampoc aquells comentaris que intentin for\u00e7ar un debat o una presa de postura per un altre usuari.<\/p>\n<p><strong>EXCLUSI\u00d3 DE GARANTIES I RESPONSABILITAT<\/strong><br \/>\nEl prestador no atorga cap garantia ni es fa responsable, en cap cas, dels danys i perjudicis de qualsevol naturalesa que puguin ser causa de:<br \/>\n\u2022 La falta de disponibilitat, manteniment i funcionament efectiu de la web, o dels seus serveis i continguts;<br \/>\n\u2022 L\u2019exist\u00e8ncia de virus, programes maliciosos o lesius en els continguts;<br \/>\n\u2022 L\u2019\u00fas il\u00b7l\u00edcit, negligent, fraudulent o contrari a aquest av\u00eds legal;<br \/>\n\u2022 La falta de licitud, qualitat, fiabilitat, utilitat i disponibilitat dels serveis prestats per tercers i posats a disposici\u00f3 dels usuaris en el lloc web.<br \/>\n\u2022 El prestador no es fa responsable sota cap concepte dels danys que puguin dimanar de l\u2019\u00fas il\u00b7legal o indegut d\u2019aquesta p\u00e0gina web.<\/p>\n<p><strong>LLEI APLICABLE I JURISDICCI\u00d3<\/strong><br \/>\nAmb car\u00e0cter general les relacions entre www.lfchannel.com amb els usuaris dels seus serveis telem\u00e0tics, presents en aquesta web, es troben sotmeses a la legislaci\u00f3 i jurisdicci\u00f3 espanyoles i als tribunals.<\/p>\n<p><strong>CONTACTE<\/strong><br \/>\nEn cas que qualsevol usuari tingui algun dubte sobre aquestes condicions legals o qualsevol comentari sobre el portal www.lfchannel.com, per favor, dirigeixi\u2019s a\u00a0<a href=\"mailto:dop@lfchannel.com\">dop@lfchannel.com<\/a><\/p>\n","protected":false},"excerpt":{"rendered":"<p>Av\u00eds legal i termes d\u2019\u00fas En aquest espai, l\u2019usuari podr\u00e0 trobar tota la informaci\u00f3 relativa als termes i condicions legals que defineixen les relacions entre els usuaris i nosaltres com a responsables d\u2019aquesta web. Com a usuari, \u00e9s important que conegui aquests termes abans de continuar la navegaci\u00f3. LF Channel s.l, com a responsable d\u2019aquesta [&hellip;]<\/p>\n","protected":false},"author":10,"featured_media":0,"parent":0,"menu_order":0,"comment_status":"closed","ping_status":"closed","template":"","meta":{"_et_pb_use_builder":"","_et_pb_old_content":"","_et_gb_content_width":"","content-type":"","footnotes":""},"class_list":["post-2508","page","type-page","status-publish","hentry"],"aioseo_notices":[],"_links":{"self":[{"href":"https:\/\/lfchannel.com\/ca\/wp-json\/wp\/v2\/pages\/2508","targetHints":{"allow":["GET"]}}],"collection":[{"href":"https:\/\/lfchannel.com\/ca\/wp-json\/wp\/v2\/pages"}],"about":[{"href":"https:\/\/lfchannel.com\/ca\/wp-json\/wp\/v2\/types\/page"}],"author":[{"embeddable":true,"href":"https:\/\/lfchannel.com\/ca\/wp-json\/wp\/v2\/users\/10"}],"replies":[{"embeddable":true,"href":"https:\/\/lfchannel.com\/ca\/wp-json\/wp\/v2\/comments?post=2508"}],"version-history":[{"count":1,"href":"https:\/\/lfchannel.com\/ca\/wp-json\/wp\/v2\/pages\/2508\/revisions"}],"predecessor-version":[{"id":2509,"href":"https:\/\/lfchannel.com\/ca\/wp-json\/wp\/v2\/pages\/2508\/revisions\/2509"}],"wp:attachment":[{"href":"https:\/\/lfchannel.com\/ca\/wp-json\/wp\/v2\/media?parent=2508"}],"curies":[{"name":"wp","href":"https:\/\/api.w.org\/{rel}","templated":true}]}}