{"id":2492,"date":"2022-12-15T12:26:00","date_gmt":"2022-12-15T11:26:00","guid":{"rendered":"https:\/\/lfchannel.com\/politica-privacidad"},"modified":"2024-05-06T07:47:57","modified_gmt":"2024-05-06T05:47:57","slug":"politica-privacitat","status":"publish","type":"page","link":"https:\/\/lfchannel.com\/ca\/politica-privacitat\/","title":{"rendered":"POLITICA PRIVACITAT"},"content":{"rendered":"<p>[et_pb_section fb_built=&#8221;1&#8243; admin_label=&#8221;section&#8221; _builder_version=&#8221;4.16&#8243; global_colors_info=&#8221;{}&#8221;][et_pb_row admin_label=&#8221;row&#8221; _builder_version=&#8221;4.16&#8243; background_size=&#8221;initial&#8221; background_position=&#8221;top_left&#8221; background_repeat=&#8221;repeat&#8221; global_colors_info=&#8221;{}&#8221;][et_pb_column type=&#8221;4_4&#8243; _builder_version=&#8221;4.16&#8243; custom_padding=&#8221;|||&#8221; global_colors_info=&#8221;{}&#8221; custom_padding__hover=&#8221;|||&#8221;][et_pb_text _builder_version=&#8221;4.19.3&#8243; _module_preset=&#8221;default&#8221; text_line_height=&#8221;1.8em&#8221; header_line_height=&#8221;1.7em&#8221; header_3_font=&#8221;|600|||||||&#8221; header_3_line_height=&#8221;1.8em&#8221; global_colors_info=&#8221;{}&#8221;]<\/p>\n<h1>PRIVACITAT<\/h1>\n<h3>Responsable \u2013 qui \u00e9s el responsable del tractament de les dades?<\/h3>\n<p><strong>Identitat<\/strong>:\u00a0LF CHANNEL S.L.<br \/><strong>Domicili social<\/strong>: Rambla de Catalunya, 108, Pral.2 \u2013 08008 Barcelona.<br \/><strong>CIF<\/strong>:\u00a0B61058921<br \/><strong>Tel\u00e8fon<\/strong>:\u00a093 418 8151<br \/><strong>Correu Electr\u00f2nic<\/strong>:\u00a0info@lfchannel.com<br \/><strong>Contacte<\/strong>: La societat<br \/><strong>Nom del domini<\/strong>:\u00a0https:\/\/lfchannel.com<\/p>\n<h3>Finalitats \u2013 amb quines finalitats tractem les teves dades?<\/h3>\n<p>En compliment del que es disposa en el Reglament Europeu 2016\/679 General de Protecci\u00f3 de Dades, t&#8217;informem de qu\u00e8 tractarem les dades que ens facilites per a:<\/p>\n<ul>\n<li>Remetre peri\u00f2dicament comunicacions sobre serveis, esdeveniments i not\u00edcies relacionades amb les activitats desenvolupades per LF CHANNEL S.L. per qualsevol mitj\u00e0 (tel\u00e8fon, correu postal o email), tret que s&#8217;indiqui el contrari o l&#8217;usuari s&#8217;oposi o arrebossat el seu consentiment.<\/li>\n<li>Remetre informaci\u00f3 comercial i \/ o promocional relacionada amb el sector de serveis contractats i valor afegit per a usuaris finals, tret que s&#8217;indiqui el contrari o l&#8217;usuari s&#8217;oposi o arrebossat el seu consentiment.<\/li>\n<li>Donar compliment a les obligacions legalment establertes, aix\u00ed com verificar el compliment de les obligacions contractuals, inclo\u00efa la prevenci\u00f3 de frau.<\/li>\n<li>Cessi\u00f3 de dades a organismes i autoritats, sempre que siguin requerits de conformitat amb les disposicions legals i reglament\u00e0ries.<\/li>\n<\/ul>\n<h3>Categories de dades \u2013 Quines dades tractem?<\/h3>\n<p>Derivada de les finalitats abans esmentades, en LF CHANNEL S.L. gestionem les seg\u00fcents categories de dades:<\/p>\n<ul>\n<li>Dades identificatives<\/li>\n<li>Metadades de comunicacions electr\u00f2niques<\/li>\n<li>Dades d&#8217;informaci\u00f3 comercial. En cas que l&#8217;usuari faciliti dades de tercers, manifesta comptar amb el consentiment d&#8217;aquests i es compromet a traslladar-li la informaci\u00f3 continguda en aquesta cl\u00e0usula, eximint a LF CHANNEL S.L. de qualsevol responsabilitat en aquest sentit.<\/li>\n<\/ul>\n<p>No obstant aix\u00f2, LF CHANNEL S.L. podr\u00e0 dur a terme les verificacions per a constatar aquest fet, adoptant les mesures de dilig\u00e8ncia deguda que corresponguin, conforme a la normativa de protecci\u00f3 de dades.<\/p>\n<h3>Legitimaci\u00f3 \u2013 quina \u00e9s la legitimaci\u00f3 per al tractament de les teves dades?<\/h3>\n<p>El tractament de dades la fi de les quals \u00e9s l&#8217;enviament de butlletins ocasionals sobre serveis, esdeveniments i not\u00edcies relacionades amb la nostra activitat professional es basa en el consentiment de l&#8217;interessat, sol\u00b7licitat expressament per a dur a terme aquests tractaments, d&#8217;acord amb la normativa vigent.<\/p>\n<p>A m\u00e9s, la legitimaci\u00f3 per al tractament de les dades relacionades amb ofertes o col\u00b7laboracions es basen en el consentiment de l&#8217;usuari que remet les seves dades, que pot retirar en qualsevol moment, si b\u00e9 aix\u00f2 pot afectar la possible comunicaci\u00f3 de manera fluida i obstrucci\u00f3 de processos que desitja realitzar.<\/p>\n<p>Finalment, les dades es podran utilitzar per a donar compliment a les obligacions legals aplicables a LF CHANNEL S.L..<\/p>\n<h3>Termini de Conservaci\u00f3 de les Dades \u2013 Per quant temps conservarem les teves dades?<\/h3>\n<p>LF CHANNEL S.L. conservar\u00e0 les dades personals dels usuaris \u00fanicament durant el temps necessari per a la realitzaci\u00f3 de les finalitats per a les quals van ser recollits, mentre no revoqui els consentiments atorgats. Posteriorment, en cas de ser necessari, mantindr\u00e0 la informaci\u00f3 bloquejada durant els terminis legalment establerts.<\/p>\n<h3>Destinataris &#8211; A quins destinataris es comunicaran les teves dades?<\/h3>\n<p>Les teves dades podran ser accedits per aquells prove\u00efdors que presten serveis a LF CHANNEL S.L., com ara serveis d&#8217;allotjament, eines de m\u00e0rqueting i sistemes de contingut o altres professionals, quan aquesta comunicaci\u00f3 sigui necess\u00e0ria normativament, o per a l&#8217;execuci\u00f3 dels serveis contractats.<\/p>\n<p>LF CHANNEL S.L., ha subscrit els corresponents contractes per enc\u00e0rrec de tractament amb cadascun dels prove\u00efdors que presten serveis a LF CHANNEL S.L., amb l&#8217;objectiu de garantir que aquests prove\u00efdors tractaran les teves dades de conformitat amb el que s&#8217;estableix en la legislaci\u00f3 vigent.<\/p>\n<p>Tamb\u00e9 podran ser cedits a les Forces i Cossos de Seguretat de l&#8217;Estat en els casos que existeixi una obligaci\u00f3 legal, bancs i entitats financeres, per al cobrament dels serveis, administracions p\u00fabliques amb compet\u00e8ncia en els sectors d&#8217;activitat, quan aix\u00ed ho estableixi la normativa vigent.<\/p>\n<h3>Seguretat de la Informaci\u00f3 \u2013 Quines mesures de seguretat implantem per a cuidar les seves dades?<\/h3>\n<p>Per a protegir les diferents tipologies de dades reflectides en aquesta pol\u00edtica de privacitat dur\u00e0 a terme les mesures de seguretat t\u00e8cniques necess\u00e0ries per a evitar la seva p\u00e8rdua, manipulaci\u00f3, difusi\u00f3 o alteraci\u00f3.<\/p>\n<ul>\n<li>Encriptaci\u00f3 de les comunicacions entre el dispositiu de l&#8217;usuari i els servidors de LF CHANNEL S.L.<br \/>Encriptaci\u00f3 de la informaci\u00f3 en els propis servidors de *LF *CHANNEL S.L..<\/li>\n<li>Altres mesures que evitin l&#8217;acc\u00e9s a les dades de l&#8217;usuari per part de tercers.<\/li>\n<li>En aquells casos en els quals LF CHANNEL S.L. compti amb prestadors de servei per al manteniment de la plataforma que es trobin fos de la Uni\u00f3 Europea, aquestes transfer\u00e8ncies internacionals s&#8217;hagin regularitzades atenent el comprom\u00eds de LF CHANNEL S.L.. amb la protecci\u00f3, integritat i seguretat de les dades personals dels usuaris.<\/li>\n<\/ul>\n<h3>Drets \u2013 Quins s\u00f3n els teus drets quan ens facilites les teves dades i com pots exercir-los?<\/h3>\n<p>Tens dret a obtenir confirmaci\u00f3 sobre si en LF CHANNEL S.L. estem tractant dades personals que et concerneixin, o no.<\/p>\n<p>Aix\u00ed mateix, tens dret a accedir a les teves dades personals, aix\u00ed com a sol\u00b7licitar la rectificaci\u00f3 de les dades inexactes o, en el seu cas, sol\u00b7licitar la seva supressi\u00f3 quan, entre altres motius, les dades ja no siguin necessaris per als fins que van ser recollits.<\/p>\n<p>En determinades circumst\u00e0ncies, podr\u00e0s sol\u00b7licitar la limitaci\u00f3 del tractament de les teves dades, i en aquest cas \u00fanicament els conservarem per a l&#8217;exercici o la defensa de reclamacions.<\/p>\n<p>En determinades circumst\u00e0ncies i per motius relacionats amb la teva situaci\u00f3 particular, podr\u00e0s oposar-te al tractament de les teves dades. LF CHANNEL S.L. deixar\u00e0 de tractar les dades, excepte per motius leg\u00edtims imperiosos, o l&#8217;exercici o la defensa de possibles reclamacions.<\/p>\n<p>Aix\u00ed mateix, pots exercir el dret a la portabilitat de les dades, aix\u00ed com retirar els consentiments facilitats en qualsevol moment, sense que aix\u00f2 afecti la licitud del tractament basat en el consentiment previ a la seva retirada.<\/p>\n<p>Si desitges fer \u00fas de qualsevol dels teus drets pot dirigir-se a info@lfchannel.com<\/p>\n<p>Finalment, t&#8217;informem que pots dirigir-te davant l&#8217;Ag\u00e8ncia Espanyola de Protecci\u00f3 de Dades i altres organismes p\u00fablics competents per a qualsevol reclamaci\u00f3 derivada del tractament de les teves dades personals.<\/p>\n<h3>Modificaci\u00f3 de la pol\u00edtica de privacitat<\/h3>\n<p>LF CHANNEL S.L. podr\u00e0 modificar la present Pol\u00edtica de Privacitat en qualsevol moment, sent publicades les successives versions en el Lloc web. En qualsevol cas, LF CHANNEL S.L.. comunicar\u00e0 amb previ av\u00eds les modificacions de la present pol\u00edtica que afectin els usuaris a fi que puguin acceptar les mateixes.<\/p>\n<p>La present Pol\u00edtica de Privacitat es troba actualitzada a data 01\/03\/2020 LF CHANNEL S.L. (Espanya). Reservats tots els drets.<\/p>\n<p>[\/et_pb_text][\/et_pb_column][\/et_pb_row][\/et_pb_section]<\/p>\n","protected":false},"excerpt":{"rendered":"<p>PRIVACITAT Responsable \u2013 qui \u00e9s el responsable del tractament de les dades? Identitat:\u00a0LF CHANNEL S.L.Domicili social: Rambla de Catalunya, 108, Pral.2 \u2013 08008 Barcelona.CIF:\u00a0B61058921Tel\u00e8fon:\u00a093 418 8151Correu Electr\u00f2nic:\u00a0info@lfchannel.comContacte: La societatNom del domini:\u00a0https:\/\/lfchannel.com Finalitats \u2013 amb quines finalitats tractem les teves dades? En compliment del que es disposa en el Reglament Europeu 2016\/679 General de Protecci\u00f3 de [&hellip;]<\/p>\n","protected":false},"author":10,"featured_media":0,"parent":0,"menu_order":0,"comment_status":"closed","ping_status":"open","template":"","meta":{"_et_pb_use_builder":"on","_et_pb_old_content":"<!-- wp:heading -->\r\n<h2>Qui\u00e9nes somos<\/h2>\r\n<!-- \/wp:heading -->\r\n\r\n<!-- wp:paragraph -->\r\n<p><strong class=\"privacy-policy-tutorial\">Texto sugerido: <\/strong>La direcci\u00f3n de nuestra web es: https:\/\/lfchannel.com.<\/p>\r\n<!-- \/wp:paragraph -->\r\n\r\n<!-- wp:heading -->\r\n<h2>Comentarios<\/h2>\r\n<!-- \/wp:heading -->\r\n\r\n<!-- wp:paragraph -->\r\n<p><strong class=\"privacy-policy-tutorial\">Texto sugerido: <\/strong>Cuando los visitantes dejan comentarios en la web, recopilamos los datos que se muestran en el formulario de comentarios, as\u00ed como la direcci\u00f3n IP del visitante y la cadena de agentes de usuario del navegador para ayudar a la detecci\u00f3n de spam.<\/p>\r\n<!-- \/wp:paragraph -->\r\n\r\n<!-- wp:paragraph -->\r\n<p>Una cadena an\u00f3nima creada a partir de tu direcci\u00f3n de correo electr\u00f3nico (tambi\u00e9n llamada hash) puede ser proporcionada al servicio de Gravatar para ver si la est\u00e1s usando. La pol\u00edtica de privacidad del servicio Gravatar est\u00e1 disponible aqu\u00ed: https:\/\/automattic.com\/privacy\/. Despu\u00e9s de la aprobaci\u00f3n de tu comentario, la imagen de tu perfil es visible para el p\u00fablico en el contexto de tu comentario.<\/p>\r\n<!-- \/wp:paragraph -->\r\n\r\n<!-- wp:heading -->\r\n<h2>Medios<\/h2>\r\n<!-- \/wp:heading -->\r\n\r\n<!-- wp:paragraph -->\r\n<p><strong class=\"privacy-policy-tutorial\">Texto sugerido: <\/strong>Si subes im\u00e1genes a la web, deber\u00edas evitar subir im\u00e1genes con datos de ubicaci\u00f3n (GPS EXIF) incluidos. Los visitantes de la web pueden descargar y extraer cualquier dato de ubicaci\u00f3n de las im\u00e1genes de la web.<\/p>\r\n<!-- \/wp:paragraph -->\r\n\r\n<!-- wp:heading -->\r\n<h2>Cookies<\/h2>\r\n<!-- \/wp:heading -->\r\n\r\n<!-- wp:paragraph -->\r\n<p><strong class=\"privacy-policy-tutorial\">Texto sugerido: <\/strong>Si dejas un comentario en nuestro sitio puedes elegir guardar tu nombre, direcci\u00f3n de correo electr\u00f3nico y web en cookies. Esto es para tu comodidad, para que no tengas que volver a rellenar tus datos cuando dejes otro comentario. Estas cookies tendr\u00e1n una duraci\u00f3n de un a\u00f1o.<\/p>\r\n<!-- \/wp:paragraph -->\r\n\r\n<!-- wp:paragraph -->\r\n<p>Si tienes una cuenta y te conectas a este sitio, instalaremos una cookie temporal para determinar si tu navegador acepta cookies. Esta cookie no contiene datos personales y se elimina al cerrar el navegador.<\/p>\r\n<!-- \/wp:paragraph -->\r\n\r\n<!-- wp:paragraph -->\r\n<p>Cuando accedas, tambi\u00e9n instalaremos varias cookies para guardar tu informaci\u00f3n de acceso y tus opciones de visualizaci\u00f3n de pantalla. Las cookies de acceso duran dos d\u00edas, y las cookies de opciones de pantalla duran un a\u00f1o. Si seleccionas \u00abRecu\u00e9rdarme\u00bb, tu acceso perdurar\u00e1 durante dos semanas. Si sales de tu cuenta, las cookies de acceso se eliminar\u00e1n.<\/p>\r\n<!-- \/wp:paragraph -->\r\n\r\n<!-- wp:paragraph -->\r\n<p>Si editas o publicas un art\u00edculo se guardar\u00e1 una cookie adicional en tu navegador. Esta cookie no incluye datos personales y simplemente indica el ID del art\u00edculo que acabas de editar. Caduca despu\u00e9s de 1 d\u00eda.<\/p>\r\n<!-- \/wp:paragraph -->\r\n\r\n<!-- wp:heading -->\r\n<h2>Contenido incrustado de otros sitios web<\/h2>\r\n<!-- \/wp:heading -->\r\n\r\n<!-- wp:paragraph -->\r\n<p><strong class=\"privacy-policy-tutorial\">Texto sugerido: <\/strong>Los art\u00edculos de este sitio pueden incluir contenido incrustado (por ejemplo, v\u00eddeos, im\u00e1genes, art\u00edculos, etc.). El contenido incrustado de otras webs se comporta exactamente de la misma manera que si el visitante hubiera visitado la otra web.<\/p>\r\n<!-- \/wp:paragraph -->\r\n\r\n<!-- wp:paragraph -->\r\n<p>Estas web pueden recopilar datos sobre ti, utilizar cookies, incrustar un seguimiento adicional de terceros, y supervisar tu interacci\u00f3n con ese contenido incrustado, incluido el seguimiento de tu interacci\u00f3n con el contenido incrustado si tienes una cuenta y est\u00e1s conectado a esa web.<\/p>\r\n<!-- \/wp:paragraph -->\r\n\r\n<!-- wp:heading -->\r\n<h2>Con qui\u00e9n compartimos tus datos<\/h2>\r\n<!-- \/wp:heading -->\r\n\r\n<!-- wp:paragraph -->\r\n<p><strong class=\"privacy-policy-tutorial\">Texto sugerido: <\/strong>Si solicitas un restablecimiento de contrase\u00f1a, tu direcci\u00f3n IP ser\u00e1 incluida en el correo electr\u00f3nico de restablecimiento.<\/p>\r\n<!-- \/wp:paragraph -->\r\n\r\n<!-- wp:heading -->\r\n<h2>Cu\u00e1nto tiempo conservamos tus datos<\/h2>\r\n<!-- \/wp:heading -->\r\n\r\n<!-- wp:paragraph -->\r\n<p><strong class=\"privacy-policy-tutorial\">Texto sugerido: <\/strong>Si dejas un comentario, el comentario y sus metadatos se conservan indefinidamente. Esto es para que podamos reconocer y aprobar comentarios sucesivos autom\u00e1ticamente, en lugar de mantenerlos en una cola de moderaci\u00f3n.<\/p>\r\n<!-- \/wp:paragraph -->\r\n\r\n<!-- wp:paragraph -->\r\n<p>De los usuarios que se registran en nuestra web (si los hay), tambi\u00e9n almacenamos la informaci\u00f3n personal que proporcionan en su perfil de usuario. Todos los usuarios pueden ver, editar o eliminar su informaci\u00f3n personal en cualquier momento (excepto que no pueden cambiar su nombre de usuario). Los administradores de la web tambi\u00e9n pueden ver y editar esa informaci\u00f3n.<\/p>\r\n<!-- \/wp:paragraph -->\r\n\r\n<!-- wp:heading -->\r\n<h2>Qu\u00e9 derechos tienes sobre tus datos<\/h2>\r\n<!-- \/wp:heading -->\r\n\r\n<!-- wp:paragraph -->\r\n<p><strong class=\"privacy-policy-tutorial\">Texto sugerido: <\/strong>Si tienes una cuenta o has dejado comentarios en esta web, puedes solicitar recibir un archivo de exportaci\u00f3n de los datos personales que tenemos sobre ti, incluyendo cualquier dato que nos hayas proporcionado. Tambi\u00e9n puedes solicitar que eliminemos cualquier dato personal que tengamos sobre ti. Esto no incluye ning\u00fan dato que estemos obligados a conservar con fines administrativos, legales o de seguridad.<\/p>\r\n<!-- \/wp:paragraph -->\r\n\r\n<!-- wp:heading -->\r\n<h2>D\u00f3nde se env\u00edan tus datos<\/h2>\r\n<!-- \/wp:heading -->\r\n\r\n<!-- wp:paragraph -->\r\n<p><strong class=\"privacy-policy-tutorial\">Texto sugerido: <\/strong>Los comentarios de los visitantes puede que los revise un servicio de detecci\u00f3n autom\u00e1tica de spam.<\/p>\r\n<!-- \/wp:paragraph -->","_et_gb_content_width":"","content-type":"","footnotes":""},"class_list":["post-2492","page","type-page","status-publish","hentry"],"aioseo_notices":[],"_links":{"self":[{"href":"https:\/\/lfchannel.com\/ca\/wp-json\/wp\/v2\/pages\/2492","targetHints":{"allow":["GET"]}}],"collection":[{"href":"https:\/\/lfchannel.com\/ca\/wp-json\/wp\/v2\/pages"}],"about":[{"href":"https:\/\/lfchannel.com\/ca\/wp-json\/wp\/v2\/types\/page"}],"author":[{"embeddable":true,"href":"https:\/\/lfchannel.com\/ca\/wp-json\/wp\/v2\/users\/10"}],"replies":[{"embeddable":true,"href":"https:\/\/lfchannel.com\/ca\/wp-json\/wp\/v2\/comments?post=2492"}],"version-history":[{"count":5,"href":"https:\/\/lfchannel.com\/ca\/wp-json\/wp\/v2\/pages\/2492\/revisions"}],"predecessor-version":[{"id":5754,"href":"https:\/\/lfchannel.com\/ca\/wp-json\/wp\/v2\/pages\/2492\/revisions\/5754"}],"wp:attachment":[{"href":"https:\/\/lfchannel.com\/ca\/wp-json\/wp\/v2\/media?parent=2492"}],"curies":[{"name":"wp","href":"https:\/\/api.w.org\/{rel}","templated":true}]}}