{"id":13954,"date":"2026-04-20T17:10:06","date_gmt":"2026-04-20T15:10:06","guid":{"rendered":"https:\/\/lfchannel.com\/?page_id=13954"},"modified":"2026-04-20T17:16:37","modified_gmt":"2026-04-20T15:16:37","slug":"politica-de-cookies_cat","status":"publish","type":"page","link":"https:\/\/lfchannel.com\/ca\/politica-de-cookies_cat\/","title":{"rendered":"Pol\u00edtica de cookies_CAT"},"content":{"rendered":"<p>Document revisat el 2\/02\/2026<\/p>\n<p>Al web s&#8217;utilitzen cookies pr\u00f2pies i de tercers per aconseguir una millor experi\u00e8ncia de navegaci\u00f3, poder compartir contingut a xarxes socials i obtenir estad\u00edstiques d&#8217;usuaris.<\/p>\n<p>Per evitar la desc\u00e0rrega de cookies pots bloquejar-les mitjan\u00e7ant la configuraci\u00f3 del teu navegador, evitant aix\u00ed que s&#8217;emmagatzemin al teu disc dur.<\/p>\n<p>Google Chrome \u2013 Internet Explorer \u2013 Mozilla Firefox \u2013 Apple Safari<\/p>\n<p>En desactivar o eliminar les cookies, part del web no funcionar\u00e0 o la qualitat de la mateixa pot veure&#8217;s afectada.<\/p>\n<p>Si continues navegant, considerem que n&#8217;acceptes l&#8217;\u00fas.<\/p>\n<p>Qu\u00e8 s\u00f3n les cookies?<br \/>\nLes cookies s\u00f3n petits arxius de dades que s&#8217;emmagatzemen al teu dispositiu quan visites alguns webs i s&#8217;utilitzen per registrar certes interaccions de la navegaci\u00f3 al Web emmagatzemant dades que podran ser actualitzades i recuperades. Aquests arxius s&#8217;emmagatzemen al teu ordinador i contenen dades an\u00f2nimes que no s\u00f3n perjudicials per al teu equip.<\/p>\n<p>S&#8217;utilitzen per recordar les teves prefer\u00e8ncies, com l&#8217;idioma seleccionat, dades d&#8217;acc\u00e9s o personalitzaci\u00f3 de la p\u00e0gina.<\/p>\n<p>Per qu\u00e8 utilitzem cookies?<br \/>\nEl web nom\u00e9s utilitza les cookies que s\u00f3n necess\u00e0ries i essencials perqu\u00e8 puguis utilitzar aquest web i et permetin moure&#8217;t lliurement, utilitzar \u00e0rees segures, opcions personalitzades, etc.<\/p>\n<p>A m\u00e9s, utilitza cookies que recullen dades relatives a l&#8217;an\u00e0lisi d&#8217;\u00fas del Web.<\/p>\n<p>Les cookies d&#8217;aquesta p\u00e0gina web ajuden a:<br \/>\nFer que funcioni correctament<br \/>\nEstalviar-te temps en no haver d&#8217;iniciar sessi\u00f3 cada vegada que accedeixes al web<br \/>\nRecordar-te els teus ajustos<br \/>\nMillorar la velocitat i seguretat del web<br \/>\nPoder compartir el contingut del web a les xarxes socials<br \/>\nMillorar cont\u00ednuament la p\u00e0gina web<br \/>\nMostrar-te anuncis en funci\u00f3 dels teus h\u00e0bits de navegaci\u00f3 per la p\u00e0gina web.<\/p>\n<p>Quin \u00fas li donem als diferents tipus de cookies?<br \/>\nCookies de sessi\u00f3: s\u00f3n cookies temporals que romanen a l&#8217;arxiu de cookies del teu navegador fins que abandonis la p\u00e0gina web, per la qual cosa cap queda registrada al disc dur de l&#8217;usuari. La informaci\u00f3 obtinguda per mitj\u00e0 d&#8217;aquestes cookies serveix per analitzar pautes de tr\u00e0nsit al web. A la llarga, aix\u00f2 ens permet proporcionar una millor experi\u00e8ncia per millorar el contingut i facilitant-ne l&#8217;\u00fas.<\/p>\n<p>Cookies permanents: s\u00f3n emmagatzemades al disc dur i el nostre web les llegeix cada vegada que fas una nova visita. Una cookie permanent posseeix una data d&#8217;expiraci\u00f3 determinada. La cookie deixar\u00e0 de funcionar despr\u00e9s d&#8217;aquesta data. Les utilitzem, generalment, per facilitar els serveis de compra i registre.<\/p>\n<p>Cookies pr\u00f2pies: S\u00f3n cookies creades per aquest lloc web i que nom\u00e9s pot llegir el propi lloc. Per exemple: cookies t\u00e8cniques per a la c\u00e0rrega d&#8217;imatges, cookies de personalitzaci\u00f3 de par\u00e0metres del web, cookies d&#8217;an\u00e0lisi de tr\u00e0nsit, etc.<\/p>\n<p>Cookies de tercers: S\u00f3n cookies creades per tercers i que utilitzem per a diferents serveis (per ex. An\u00e0lisi del lloc web o publicitat, de xarxes socials,\u2026)<\/p>\n<p>Segons la seva finalitat:<br \/>\nCookies t\u00e8cniques: Les cookies t\u00e8cniques s\u00f3n aquelles imprescindibles i estrictament necess\u00e0ries per al correcte funcionament d&#8217;un Web i la utilitzaci\u00f3 de les diferents opcions i serveis que ofereix. Per exemple, les que serveixen per al manteniment de la sessi\u00f3, la gesti\u00f3 del temps de resposta, rendiment o validaci\u00f3 d&#8217;opcions, utilitzar elements de seguretat, compartir contingut amb xarxes socials, etc.<\/p>\n<p>Cookies de personalitzaci\u00f3: Aquestes cookies permeten a l&#8217;usuari especificar o personalitzar algunes caracter\u00edstiques de les opcions generals del Web. Per exemple, definir l&#8217;idioma, configuraci\u00f3 regional o tipus de navegador.<\/p>\n<p>Cookies anal\u00edtiques: Les cookies anal\u00edtiques s\u00f3n les utilitzades pel Web per elaborar perfils de navegaci\u00f3 i poder con\u00e8ixer les teves prefer\u00e8ncies amb la finalitat de millorar l&#8217;oferta de productes i serveis. Per exemple, mitjan\u00e7ant una cookie anal\u00edtica es controlarien les \u00e0rees geogr\u00e0fiques de major inter\u00e8s d&#8217;un usuari, quin \u00e9s el producte de m\u00e9s acceptaci\u00f3, etc.<\/p>\n<p>Cookies publicit\u00e0ries: Les cookies publicit\u00e0ries permeten la gesti\u00f3 dels espais publicitaris sobre la base de criteris concrets. Per exemple, la freq\u00fc\u00e8ncia d&#8217;acc\u00e9s, el contingut editat, etc. Les cookies de publicitat permeten a trav\u00e9s de la gesti\u00f3 de la publicitat emmagatzemar informaci\u00f3 del comportament a trav\u00e9s de l&#8217;observaci\u00f3 d&#8217;h\u00e0bits, estudiant els accessos i formant un perfil de prefer\u00e8ncies de l&#8217;usuari, per oferir-li publicitat relacionada amb els interessos del seu perfil.<\/p>\n<p>Cookies de tercers utilitzades en aquest web<br \/>\nAquest web inclou funcionalitats proporcionades per tercers que instal\u00b7len les seves pr\u00f2pies cookies.<\/p>\n<p>Com que s\u00f3n cookies provisionals no sempre \u00e9s possible informar de les mateixes i nom\u00e9s tenen finalitats d&#8217;estudi i valoraci\u00f3. En cap cas comprometran la seva privacitat.<\/p>\n<p>Les cookies de tercers m\u00e9s estables que s&#8217;utilitzen en aquest web s\u00f3n:<\/p>\n<p>Google Analytics, un servei anal\u00edtic de web prestat per Google, Inc. amb domicili als Estats Units amb seu central a 1600 Amphitheatre Parkway, Mountain View, Calif\u00f2rnia 94043. Per a la prestaci\u00f3 d&#8217;aquests serveis, aquests utilitzen cookies que recopilen la informaci\u00f3, inclosa l&#8217;adre\u00e7a IP de l&#8217;usuari, que ser\u00e0 transmesa, tractada i emmagatzemada per Google en els termes fixats al Web Google.com. Incloent la possible transmissi\u00f3 d&#8217;aquesta informaci\u00f3 a tercers per raons d&#8217;exig\u00e8ncia legal o quan aquests tercers processin la informaci\u00f3 per compte de Google.<\/p>\n<p>NOM | DURADA PREDETERMINADA | FINALITAT I DOMINI<br \/>\n__utma, __utmb, __utmc, __utmz | 2 anys a partir de la configuraci\u00f3 o actualitzaci\u00f3 | Google Analytics, Permet analitzar el tr\u00e0nsit del web i obtenir estad\u00edstiques de navegaci\u00f3. M\u00e9s informaci\u00f3.<\/p>\n<p>WordPress, \u00e9s la plataforma on s&#8217;allotja aquest web, i \u00e9s propietat de l&#8217;empresa nord-americana Automattic, Inc. A aquests efectes les cookies que utilitza la plataforma mai estaran sota el control o gesti\u00f3 del responsable del web.<\/p>\n<p>NOM | DURADA PREDETERMINADA | FINALITAT I DOMINI<br \/>\nCookie: __qca | 2 anys a partir de la configuraci\u00f3 o actualitzaci\u00f3 | WordPress: Permet analitzar el tr\u00e0nsit del web i a tots els seus usuaris els instal\u00b7la inevitablement una cookie d&#8217;estad\u00edstiques que rastreja i emmagatzema la seva IP en una empresa nord-americana (Automattic) a trav\u00e9s d&#8217;un tercer (Quantcast). La seva \u00e9s una cookie generalment associada a Quantcast. Proporcionen el r\u00e0nquing de llocs web, i les dades que recullen tamb\u00e9 s&#8217;utilitzen per a la segmentaci\u00f3 de l&#8217;audi\u00e8ncia.<\/p>\n<p>MailChimp com a prove\u00efdor de m\u00e0rqueting per correu electr\u00f2nic. La llista de subscripci\u00f3 a trav\u00e9s de correu electr\u00f2nic ser\u00e0 emmagatzemada al prove\u00efdor de serveis de m\u00e0rqueting per correu electr\u00f2nic Mailchimp (512 Means St., Suite 404. Atlanta, Ge\u00f2rgia 30318. Estats Units d&#8217;Am\u00e8rica) la pol\u00edtica de privacitat del qual pots trobar al seg\u00fcent enlla\u00e7 http:\/\/www.mailchimp.com\/legal\/privacy\/, on es declara com les llistes de distribuci\u00f3 que queden emmagatzemades al servidor de Mailchimp no s\u00f3n objecte de cessi\u00f3, comunicaci\u00f3 o venda a tercers, ni tampoc des de Mailchimp s&#8217;envien comunicacions a aquestes adreces.<br \/>\nMailchimp est\u00e0 adherit a Privacy Shield per la qual cosa t\u00e9 reconegut per la Comissi\u00f3 Europea una adequaci\u00f3 i nivell de protecci\u00f3 pel que no es requereix autoritzaci\u00f3 del Director de l&#8217;Ag\u00e8ncia Espanyola de Protecci\u00f3 de Dades. Privacy Shield garanteix que Mailchimp es compromet a complir amb uns requisits m\u00ednims de seguretat exigits per la legislaci\u00f3 europea respecte al tractament de dades de car\u00e0cter personal.<\/p>\n<p>NOM | DURADA PREDETERMINADA | FINALITAT I DOMINI<br \/>\nMailChimp | 2 years from configuration | \u00c9s un generador de subscripcions. M\u00e9s informaci\u00f3.<\/p>\n<p>Cookies de xarxes socials, que poden emmagatzemar-se al seu ordinador per exemple, quan utilitza el bot\u00f3 de compartir continguts d&#8217;aquest web en alguna xarxa social.<br \/>\nLes empreses que generen aquestes cookies tenen les seves pr\u00f2pies pol\u00edtiques de cookies:<\/p>\n<p>Cookies de Facebook<br \/>\nCookies de Twitter<br \/>\nCookies de LinkedIn<br \/>\nCookies de Google Plus<br \/>\nCookies de Youtube<\/p>\n<p>Es duen a terme accions de m\u00e0rqueting mitjan\u00e7ant Facebook Ads, que utilitza les cookies per ajudar-nos a oferir anuncis en l\u00ednia espec\u00edfics basats en visites anteriors al nostre web o pels interessos indicats a Facebook.<\/p>\n<p>Quan s&#8217;inclouen enlla\u00e7os d&#8217;afiliats, el web tamb\u00e9 utilitza plataformes de serveis d&#8217;afiliaci\u00f3 que usen cookies de navegador per fer seguiment de les vendes que van tenir origen en aquest web en els programes d&#8217;afiliats amb els quals aquest web col\u00b7labora.<\/p>\n<p>On puc obtenir m\u00e9s informaci\u00f3?<br \/>\nPots consultar el reglament sobre cookies publicat per l&#8217;Ag\u00e8ncia Espanyola de Protecci\u00f3 de Dades a la seva \u201cGuia sobre l&#8217;\u00fas de les cookies\u201d i obtenir m\u00e9s informaci\u00f3 sobre les cookies a Internet, http:\/\/www.aboutcookies.org\/<\/p>\n<p>Si desitges tenir un major control sobre la instal\u00b7laci\u00f3 de cookies, pots instal\u00b7lar programes o complements al teu navegador, coneguts com a eines de \u201cDo Not Track\u201d, que et permetran escollir aquelles cookies que desitges permetre.<\/p>\n","protected":false},"excerpt":{"rendered":"<p>Document revisat el 2\/02\/2026 Al web s&#8217;utilitzen cookies pr\u00f2pies i de tercers per aconseguir una millor experi\u00e8ncia de navegaci\u00f3, poder compartir contingut a xarxes socials i obtenir estad\u00edstiques d&#8217;usuaris. Per evitar la desc\u00e0rrega de cookies pots bloquejar-les mitjan\u00e7ant la configuraci\u00f3 del teu navegador, evitant aix\u00ed que s&#8217;emmagatzemin al teu disc dur. Google Chrome \u2013 Internet [&hellip;]<\/p>\n","protected":false},"author":8,"featured_media":0,"parent":0,"menu_order":0,"comment_status":"closed","ping_status":"closed","template":"","meta":{"_et_pb_use_builder":"","_et_pb_old_content":"","_et_gb_content_width":"","content-type":"","footnotes":""},"class_list":["post-13954","page","type-page","status-publish","hentry"],"aioseo_notices":[],"_links":{"self":[{"href":"https:\/\/lfchannel.com\/ca\/wp-json\/wp\/v2\/pages\/13954","targetHints":{"allow":["GET"]}}],"collection":[{"href":"https:\/\/lfchannel.com\/ca\/wp-json\/wp\/v2\/pages"}],"about":[{"href":"https:\/\/lfchannel.com\/ca\/wp-json\/wp\/v2\/types\/page"}],"author":[{"embeddable":true,"href":"https:\/\/lfchannel.com\/ca\/wp-json\/wp\/v2\/users\/8"}],"replies":[{"embeddable":true,"href":"https:\/\/lfchannel.com\/ca\/wp-json\/wp\/v2\/comments?post=13954"}],"version-history":[{"count":1,"href":"https:\/\/lfchannel.com\/ca\/wp-json\/wp\/v2\/pages\/13954\/revisions"}],"predecessor-version":[{"id":13955,"href":"https:\/\/lfchannel.com\/ca\/wp-json\/wp\/v2\/pages\/13954\/revisions\/13955"}],"wp:attachment":[{"href":"https:\/\/lfchannel.com\/ca\/wp-json\/wp\/v2\/media?parent=13954"}],"curies":[{"name":"wp","href":"https:\/\/api.w.org\/{rel}","templated":true}]}}